{"id":1354,"date":"2018-12-27T09:32:51","date_gmt":"2018-12-27T09:32:51","guid":{"rendered":"http:\/\/mira.websthatworks.com\/?page_id=1354"},"modified":"2025-06-07T09:35:18","modified_gmt":"2025-06-07T02:35:18","slug":"recruitment","status":"publish","type":"page","link":"https:\/\/themiracentralpark.com.vn\/vi\/recruitment\/","title":{"rendered":"Tuy\u1ec3n d\u1ee5ng"},"content":{"rendered":"<div data-elementor-type=\"wp-post\" data-elementor-id=\"1354\" class=\"elementor elementor-1354\" data-elementor-settings=\"[]\">\n\t\t\t\t\t\t<div class=\"elementor-inner\">\n\t\t\t\t\t\t\t<div class=\"elementor-section-wrap\">\n\t\t\t\t\t\t\t<section class=\"elementor-section elementor-top-section elementor-element elementor-element-9702268 elementor-section-stretched elementor-section-height-min-height elementor-section-boxed elementor-section-height-default elementor-section-items-middle\" data-id=\"9702268\" data-element_type=\"section\" data-settings=\"{&quot;stretch_section&quot;:&quot;section-stretched&quot;,&quot;background_background&quot;:&quot;classic&quot;}\">\n\t\t\t\t\t\t\t<div class=\"elementor-background-overlay\"><\/div>\n\t\t\t\t\t\t\t<div class=\"elementor-container elementor-column-gap-default\">\n\t\t\t\t\t\t\t<div class=\"elementor-row\">\n\t\t\t\t\t<div class=\"elementor-column elementor-col-100 elementor-top-column elementor-element elementor-element-64b4c14\" data-id=\"64b4c14\" data-element_type=\"column\">\n\t\t\t<div class=\"elementor-column-wrap elementor-element-populated\">\n\t\t\t\t\t\t\t<div class=\"elementor-widget-wrap\">\n\t\t\t\t\t\t<div class=\"elementor-element elementor-element-07057be elementor-invisible elementor-widget elementor-widget-heading\" data-id=\"07057be\" data-element_type=\"widget\" data-settings=\"{&quot;_animation&quot;:&quot;fadeInDown&quot;}\" data-widget_type=\"heading.default\">\n\t\t\t\t<div class=\"elementor-widget-container\">\n\t\t\t<h2 class=\"elementor-heading-title elementor-size-default\">G\u00f3c tuy\u1ec3n d\u1ee5ng<\/h2>\t\t<\/div>\n\t\t\t\t<\/div>\n\t\t\t\t<div class=\"elementor-element elementor-element-6466320 elementor-invisible elementor-widget elementor-widget-heading\" data-id=\"6466320\" data-element_type=\"widget\" data-settings=\"{&quot;_animation&quot;:&quot;fadeInUp&quot;,&quot;_animation_delay&quot;:400}\" data-widget_type=\"heading.default\">\n\t\t\t\t<div class=\"elementor-widget-container\">\n\t\t\t<h5 class=\"elementor-heading-title elementor-size-small\">CHUNG TAY KI\u1ebeN T\u1ea0O NH\u1eeeNG GI\u00c1 TR\u1eca HO\u00c0N H\u1ea2O<\/h5>\t\t<\/div>\n\t\t\t\t<\/div>\n\t\t\t\t\t\t<\/div>\n\t\t\t\t\t<\/div>\n\t\t<\/div>\n\t\t\t\t\t\t\t\t<\/div>\n\t\t\t\t\t<\/div>\n\t\t<\/section>\n\t\t\t\t<section class=\"elementor-section elementor-top-section elementor-element elementor-element-94319e3 elementor-section-stretched elementor-section-height-min-height elementor-section-items-top elementor-section-boxed elementor-section-height-default\" data-id=\"94319e3\" data-element_type=\"section\" data-settings=\"{&quot;stretch_section&quot;:&quot;section-stretched&quot;,&quot;background_background&quot;:&quot;classic&quot;}\">\n\t\t\t\t\t\t\t<div class=\"elementor-background-overlay\"><\/div>\n\t\t\t\t\t\t\t<div class=\"elementor-container elementor-column-gap-default\">\n\t\t\t\t\t\t\t<div class=\"elementor-row\">\n\t\t\t\t\t<div class=\"elementor-column elementor-col-100 elementor-top-column elementor-element elementor-element-1d1399c\" data-id=\"1d1399c\" data-element_type=\"column\">\n\t\t\t<div class=\"elementor-column-wrap elementor-element-populated\">\n\t\t\t\t\t\t\t<div class=\"elementor-widget-wrap\">\n\t\t\t\t\t\t<div class=\"elementor-element elementor-element-150efd3 elementor-widget elementor-widget-text-editor\" data-id=\"150efd3\" data-element_type=\"widget\" data-widget_type=\"text-editor.default\">\n\t\t\t\t<div class=\"elementor-widget-container\">\n\t\t\t\t\t<div class=\"elementor-text-editor elementor-clearfix\"><p style=\"font-style: normal; font-size: 17px; font-family: Lora; color: rgba(255, 255, 255, 0.85); text-align: center;\"><b>\u1ee8NG VI\u00caN QUAN T\u00c2M C\u00d3 TH\u1ec2 \u1ee8NG TUY\u1ec2N B\u1eb0NG C\u00c1C C\u00c1CH SAU:<\/b><b style=\"color: #000000; font-family: inherit; font-style: inherit; letter-spacing: 0px;\">&nbsp;<\/b><\/p>\n<p style=\"font-weight: 400; font-style: normal; font-size: 17px; font-family: Lora; color: rgba(255, 255, 255, 0.85); padding-left: 30px;\">&#8211; Submit your resume directly to The Mira Central Park Hotel &#8211; 128\/16 Nguyen Ai Quoc St., Tan Mai Ward, Bien Hoa City.<\/p>\n<p style=\"font-weight: 400; font-style: normal; font-size: 17px; font-family: Lora; color: rgba(255, 255, 255, 0.85); padding-left: 30px;\"><span style=\"font-weight: 400; font-style: normal; font-size: 17px; font-family: Lora;\">&#8211; Send your resume to email:&nbsp; hro2@themiracentralpark.com.vn<\/span><\/p>\n<p style=\"font-weight: 400; font-style: normal; font-size: 17px; font-family: Lora; color: rgba(255, 255, 255, 0.85); padding-left: 30px;\">&#8211; Contact Mr.Duy &#8211;&nbsp;0354525756 for further information.<\/p><\/div>\n\t\t\t\t<\/div>\n\t\t\t\t<\/div>\n\t\t\t\t\t\t<\/div>\n\t\t\t\t\t<\/div>\n\t\t<\/div>\n\t\t\t\t\t\t\t\t<\/div>\n\t\t\t\t\t<\/div>\n\t\t<\/section>\n\t\t\t\t\t\t<\/div>\n\t\t\t\t\t\t<\/div>\n\t\t\t\t\t<\/div>","protected":false},"excerpt":{"rendered":"<p>Join Us Now TOGETHER, WE CREATE THE PERFECT VALUES HOW TO APPLY&nbsp; &#8211; Submit your resume directly to The Mira Central Park Hotel &#8211; 128\/16 Nguyen Ai Quoc St., Tan Mai Ward, Bien Hoa City. &#8211; Send your resume to [&hellip;]<\/p>","protected":false},"author":7,"featured_media":0,"parent":0,"menu_order":0,"comment_status":"closed","ping_status":"closed","template":"elementor_header_footer","meta":[],"_links":{"self":[{"href":"https:\/\/themiracentralpark.com.vn\/vi\/wp-json\/wp\/v2\/pages\/1354"}],"collection":[{"href":"https:\/\/themiracentralpark.com.vn\/vi\/wp-json\/wp\/v2\/pages"}],"about":[{"href":"https:\/\/themiracentralpark.com.vn\/vi\/wp-json\/wp\/v2\/types\/page"}],"author":[{"embeddable":true,"href":"https:\/\/themiracentralpark.com.vn\/vi\/wp-json\/wp\/v2\/users\/7"}],"replies":[{"embeddable":true,"href":"https:\/\/themiracentralpark.com.vn\/vi\/wp-json\/wp\/v2\/comments?post=1354"}],"version-history":[{"count":112,"href":"https:\/\/themiracentralpark.com.vn\/vi\/wp-json\/wp\/v2\/pages\/1354\/revisions"}],"predecessor-version":[{"id":8990,"href":"https:\/\/themiracentralpark.com.vn\/vi\/wp-json\/wp\/v2\/pages\/1354\/revisions\/8990"}],"wp:attachment":[{"href":"https:\/\/themiracentralpark.com.vn\/vi\/wp-json\/wp\/v2\/media?parent=1354"}],"curies":[{"name":"wp","href":"https:\/\/api.w.org\/{rel}","templated":true}]}}