{"id":210,"date":"2018-06-14T09:08:11","date_gmt":"2018-06-14T09:08:11","guid":{"rendered":"http:\/\/mira.websthatworks.com\/?page_id=210"},"modified":"2026-03-30T14:32:48","modified_gmt":"2026-03-30T07:32:48","slug":"meeting-and-event","status":"publish","type":"page","link":"https:\/\/themiracentralpark.com.vn\/vi\/meeting-and-event\/","title":{"rendered":"Wedding &#038; Convention Center"},"content":{"rendered":"<div data-elementor-type=\"wp-post\" data-elementor-id=\"210\" class=\"elementor elementor-210\" data-elementor-settings=\"[]\">\n\t\t\t\t\t\t<div class=\"elementor-inner\">\n\t\t\t\t\t\t\t<div class=\"elementor-section-wrap\">\n\t\t\t\t\t\t\t<section class=\"elementor-section elementor-top-section elementor-element elementor-element-80cd151 elementor-section-stretched elementor-section-height-full elementor-section-boxed elementor-section-height-default elementor-section-items-middle\" data-id=\"80cd151\" data-element_type=\"section\" data-settings=\"{&quot;stretch_section&quot;:&quot;section-stretched&quot;,&quot;background_background&quot;:&quot;classic&quot;}\">\n\t\t\t\t\t\t\t<div class=\"elementor-background-overlay\"><\/div>\n\t\t\t\t\t\t\t<div class=\"elementor-container elementor-column-gap-default\">\n\t\t\t\t\t\t\t<div class=\"elementor-row\">\n\t\t\t\t\t<div class=\"elementor-column elementor-col-100 elementor-top-column elementor-element elementor-element-1b6c409\" data-id=\"1b6c409\" data-element_type=\"column\">\n\t\t\t<div class=\"elementor-column-wrap elementor-element-populated\">\n\t\t\t\t\t\t\t<div class=\"elementor-widget-wrap\">\n\t\t\t\t\t\t<div class=\"elementor-element elementor-element-c9fda6a elementor-widget elementor-widget-heading\" data-id=\"c9fda6a\" data-element_type=\"widget\" data-widget_type=\"heading.default\">\n\t\t\t\t<div class=\"elementor-widget-container\">\n\t\t\t<h1 class=\"elementor-heading-title elementor-size-default\"><span style=\"font-family: Lora; font-size: 60px; font-style: normal; font-weight: 400;\">TRUNG T\u00c2M H\u1ed8I NGH\u1eca & TI\u1ec6C C\u01af\u1edaI<\/span><\/h1>\t\t<\/div>\n\t\t\t\t<\/div>\n\t\t\t\t<div class=\"elementor-element elementor-element-fdd1a05 elementor-widget elementor-widget-heading\" data-id=\"fdd1a05\" data-element_type=\"widget\" data-widget_type=\"heading.default\">\n\t\t\t\t<div class=\"elementor-widget-container\">\n\t\t\t<h5 class=\"elementor-heading-title elementor-size-default\">\u0110i\u1ec3m \u0110\u1ebfn C\u1ee7a Ho\u00e0n M\u1ef9 \u2013 Tr\u1ecdn V\u1eb9n Trong M\u1ecdi H\u00e0nh Tr\u00ecnh<\/h5>\t\t<\/div>\n\t\t\t\t<\/div>\n\t\t\t\t\t\t<\/div>\n\t\t\t\t\t<\/div>\n\t\t<\/div>\n\t\t\t\t\t\t\t\t<\/div>\n\t\t\t\t\t<\/div>\n\t\t<\/section>\n\t\t\t\t<section class=\"elementor-section elementor-top-section elementor-element elementor-element-5919f19 elementor-section-boxed elementor-section-height-default elementor-section-height-default\" data-id=\"5919f19\" data-element_type=\"section\">\n\t\t\t\t\t\t<div class=\"elementor-container elementor-column-gap-default\">\n\t\t\t\t\t\t\t<div class=\"elementor-row\">\n\t\t\t\t\t<div class=\"elementor-column elementor-col-100 elementor-top-column elementor-element elementor-element-9db137e\" data-id=\"9db137e\" data-element_type=\"column\">\n\t\t\t<div class=\"elementor-column-wrap elementor-element-populated\">\n\t\t\t\t\t\t\t<div class=\"elementor-widget-wrap\">\n\t\t\t\t\t\t<div class=\"elementor-element elementor-element-0b61ad9 elementor-widget elementor-widget-heading\" data-id=\"0b61ad9\" data-element_type=\"widget\" data-widget_type=\"heading.default\">\n\t\t\t\t<div class=\"elementor-widget-container\">\n\t\t\t<h3 class=\"elementor-heading-title elementor-size-default\">THE MIRA WEDDING & CONVENTION CENTER<\/h3>\t\t<\/div>\n\t\t\t\t<\/div>\n\t\t\t\t\t\t<\/div>\n\t\t\t\t\t<\/div>\n\t\t<\/div>\n\t\t\t\t\t\t\t\t<\/div>\n\t\t\t\t\t<\/div>\n\t\t<\/section>\n\t\t\t\t<section class=\"elementor-section elementor-top-section elementor-element elementor-element-4bd6446 elementor-section-boxed elementor-section-height-default elementor-section-height-default\" data-id=\"4bd6446\" data-element_type=\"section\">\n\t\t\t\t\t\t<div class=\"elementor-container elementor-column-gap-default\">\n\t\t\t\t\t\t\t<div class=\"elementor-row\">\n\t\t\t\t\t<div class=\"elementor-column elementor-col-100 elementor-top-column elementor-element elementor-element-271b48d\" data-id=\"271b48d\" data-element_type=\"column\">\n\t\t\t<div class=\"elementor-column-wrap elementor-element-populated\">\n\t\t\t\t\t\t\t<div class=\"elementor-widget-wrap\">\n\t\t\t\t\t\t<div class=\"elementor-element elementor-element-d8099d6 elementor-widget elementor-widget-spacer\" data-id=\"d8099d6\" data-element_type=\"widget\" data-widget_type=\"spacer.default\">\n\t\t\t\t<div class=\"elementor-widget-container\">\n\t\t\t\t\t<div class=\"elementor-spacer\">\n\t\t\t<div class=\"elementor-spacer-inner\"><\/div>\n\t\t<\/div>\n\t\t\t\t<\/div>\n\t\t\t\t<\/div>\n\t\t\t\t\t\t<\/div>\n\t\t\t\t\t<\/div>\n\t\t<\/div>\n\t\t\t\t\t\t\t\t<\/div>\n\t\t\t\t\t<\/div>\n\t\t<\/section>\n\t\t\t\t<section class=\"elementor-section elementor-top-section elementor-element elementor-element-dcdd9a7 elementor-section-boxed elementor-section-height-default elementor-section-height-default\" data-id=\"dcdd9a7\" data-element_type=\"section\">\n\t\t\t\t\t\t<div class=\"elementor-container elementor-column-gap-default\">\n\t\t\t\t\t\t\t<div class=\"elementor-row\">\n\t\t\t\t\t<div class=\"elementor-column elementor-col-100 elementor-top-column elementor-element elementor-element-f61b79c\" data-id=\"f61b79c\" data-element_type=\"column\">\n\t\t\t<div class=\"elementor-column-wrap elementor-element-populated\">\n\t\t\t\t\t\t\t<div class=\"elementor-widget-wrap\">\n\t\t\t\t\t\t<div class=\"elementor-element elementor-element-6430ca9 elementor-widget elementor-widget-text-editor\" data-id=\"6430ca9\" data-element_type=\"widget\" data-widget_type=\"text-editor.default\">\n\t\t\t\t<div class=\"elementor-widget-container\">\n\t\t\t\t\t<div class=\"elementor-text-editor elementor-clearfix\"><p style=\"text-align: justify;\"><span style=\"font-size: 14pt;\">Cho d\u00f9 b\u1ea1n \u0111ang t\u00ecm ki\u1ebfm \u0111\u1ecba \u0111i\u1ec3m ho\u00e0n h\u1ea3o cho m\u1ed9t cu\u1ed9c h\u1ecdp quan tr\u1ecdng hay h\u1ed9i ngh\u1ecb kinh doanh.\u00a0 <b>At The Mira Convention &amp; Events<\/b>, ch\u00fang t\u00f4i cung c\u1ea5p m\u1ed9t \u0111\u1ecba \u0111i\u1ec3m tuy\u1ec7t \u0111\u1eb9p v\u1edbi b\u1ed1i c\u1ea3nh ho\u00e0n h\u1ea3o cho doanh nghi\u1ec7p c\u1ee7a b\u1ea1n. C\u00e1c ph\u00f2ng h\u1ed9i ngh\u1ecb \u1edf t\u1ea7ng m\u1ed9t c\u1ee7a ch\u00fang t\u00f4i, bao g\u1ed3m Rose, Violet, Sunflower v\u00e0 Mimosa, m\u1ed7i ph\u00f2ng \u0111\u1ec1u l\u00e0 m\u1ed9t \u0111\u1ecba \u0111i\u1ec3m \u1ea5n t\u01b0\u1ee3ng v\u1edbi truy c\u1eadp internet t\u1ed1c \u0111\u1ed9 cao, nhi\u1ec1u c\u00f4ng ngh\u1ec7 hi\u1ec7n \u0111\u1ea1i v\u00e0 thi\u1ebft b\u1ecb nghe nh\u00ecn ti\u00ean ti\u1ebfn. T\u1ea5t c\u1ea3 c\u00e1c cu\u1ed9c h\u1ecdp v\u00e0 s\u1ef1 ki\u1ec7n t\u1ea1i <b>Kh\u00e1ch S\u1ea1n The Mira Central Park<\/b> \u0111\u01b0\u1ee3c qu\u1ea3n l\u00fd v\u00e0 t\u1ed5 ch\u1ee9c b\u1edfi m\u1ed9t \u0111\u1ed9i ng\u0169 t\u1eadn t\u00e2m. Ch\u00fang t\u00f4i lu\u00f4n s\u1eb5n l\u00f2ng d\u00e0nh s\u1ef1 quan t\u00e2m v\u00e0 ch\u00fa \u00fd \u0111\u1ec3 t\u1ea1o ra m\u1ed9t s\u1ef1 ki\u1ec7n hi\u1ec7u qu\u1ea3 v\u00e0 chuy\u00ean nghi\u1ec7p cho b\u1ea1n. H\u00e3y \u0111\u1ec3 ch\u00fang t\u00f4i t\u1ea1o ra tr\u1ea3i nghi\u1ec7m ho\u00e0n h\u1ea3o cho b\u1ea1n. Vui l\u00f2ng li\u00ean h\u1ec7 ngay v\u1edbi \u0111\u1ed9i ng\u0169 nh\u00e2n vi\u00ean c\u1ee7a Mira Central Park \u0111\u1ec3 th\u1ea3o lu\u1eadn v\u1ec1 s\u1ef1 ki\u1ec7n c\u1ee7a b\u1ea1n.\u00a0<\/span><\/p><\/div>\n\t\t\t\t<\/div>\n\t\t\t\t<\/div>\n\t\t\t\t\t\t<\/div>\n\t\t\t\t\t<\/div>\n\t\t<\/div>\n\t\t\t\t\t\t\t\t<\/div>\n\t\t\t\t\t<\/div>\n\t\t<\/section>\n\t\t\t\t<section class=\"elementor-section elementor-top-section elementor-element elementor-element-2eb4a33 elementor-section-boxed elementor-section-height-default elementor-section-height-default\" data-id=\"2eb4a33\" data-element_type=\"section\">\n\t\t\t\t\t\t<div class=\"elementor-container elementor-column-gap-default\">\n\t\t\t\t\t\t\t<div class=\"elementor-row\">\n\t\t\t\t\t<div class=\"elementor-column elementor-col-33 elementor-top-column elementor-element elementor-element-feb3a4b\" data-id=\"feb3a4b\" data-element_type=\"column\">\n\t\t\t<div class=\"elementor-column-wrap elementor-element-populated\">\n\t\t\t\t\t\t\t<div class=\"elementor-widget-wrap\">\n\t\t\t\t\t\t<div class=\"elementor-element elementor-element-d13839d elementor-widget elementor-widget-image\" data-id=\"d13839d\" data-element_type=\"widget\" data-widget_type=\"image.default\">\n\t\t\t\t<div class=\"elementor-widget-container\">\n\t\t\t\t\t<div class=\"elementor-image\">\n\t\t\t\t\t\t\t\t\t\t\t<a href=\"https:\/\/themiracentralpark.com.vn\/vi\/meeting\/\" target=\"_blank\">\n\t\t\t\t\t\t\t<img width=\"300\" height=\"225\" src=\"https:\/\/themiracentralpark.com.vn\/wp-content\/uploads\/2025\/03\/Untitled6-300x225.jpg\" class=\"elementor-animation-grow attachment-medium size-medium\" alt=\"\" loading=\"lazy\" srcset=\"https:\/\/themiracentralpark.com.vn\/wp-content\/uploads\/2025\/03\/Untitled6-300x225.jpg 300w, https:\/\/themiracentralpark.com.vn\/wp-content\/uploads\/2025\/03\/Untitled6-1024x768.jpg 1024w, https:\/\/themiracentralpark.com.vn\/wp-content\/uploads\/2025\/03\/Untitled6-768x576.jpg 768w, https:\/\/themiracentralpark.com.vn\/wp-content\/uploads\/2025\/03\/Untitled6-1536x1152.jpg 1536w, https:\/\/themiracentralpark.com.vn\/wp-content\/uploads\/2025\/03\/Untitled6-2048x1536.jpg 2048w, https:\/\/themiracentralpark.com.vn\/wp-content\/uploads\/2025\/03\/Untitled6-440x330.jpg 440w\" sizes=\"(max-width: 300px) 100vw, 300px\" \/>\t\t\t\t\t\t\t\t<\/a>\n\t\t\t\t\t\t\t\t\t\t\t<\/div>\n\t\t\t\t<\/div>\n\t\t\t\t<\/div>\n\t\t\t\t<div class=\"elementor-element elementor-element-9b6215c elementor-align-center elementor-widget elementor-widget-button\" data-id=\"9b6215c\" data-element_type=\"widget\" data-widget_type=\"button.default\">\n\t\t\t\t<div class=\"elementor-widget-container\">\n\t\t\t\t\t<div class=\"elementor-button-wrapper\">\n\t\t\t<a href=\"https:\/\/themiracentralpark.com.vn\/vi\/meeting\/\" class=\"elementor-button-link elementor-button elementor-size-xs\" role=\"button\">\n\t\t\t\t\t\t<span class=\"elementor-button-content-wrapper\">\n\t\t\t\t\t\t<span class=\"elementor-button-text\">T\u00ecm hi\u1ec3u th\u00eam<\/span>\n\t\t<\/span>\n\t\t\t\t\t<\/a>\n\t\t<\/div>\n\t\t\t\t<\/div>\n\t\t\t\t<\/div>\n\t\t\t\t<div class=\"elementor-element elementor-element-a0f04d7 elementor-widget elementor-widget-heading\" data-id=\"a0f04d7\" data-element_type=\"widget\" data-widget_type=\"heading.default\">\n\t\t\t\t<div class=\"elementor-widget-container\">\n\t\t\t<h3 class=\"elementor-heading-title elementor-size-default\">CONVETION<\/h3>\t\t<\/div>\n\t\t\t\t<\/div>\n\t\t\t\t\t\t<\/div>\n\t\t\t\t\t<\/div>\n\t\t<\/div>\n\t\t\t\t<div class=\"elementor-column elementor-col-33 elementor-top-column elementor-element elementor-element-fc1b56d\" data-id=\"fc1b56d\" data-element_type=\"column\">\n\t\t\t<div class=\"elementor-column-wrap elementor-element-populated\">\n\t\t\t\t\t\t\t<div class=\"elementor-widget-wrap\">\n\t\t\t\t\t\t<div class=\"elementor-element elementor-element-8ecd3d9 elementor-widget elementor-widget-image\" data-id=\"8ecd3d9\" data-element_type=\"widget\" data-widget_type=\"image.default\">\n\t\t\t\t<div class=\"elementor-widget-container\">\n\t\t\t\t\t<div class=\"elementor-image\">\n\t\t\t\t\t\t\t\t\t\t\t<a href=\"https:\/\/themiracentralpark.com.vn\/vi\/event\/\" target=\"_blank\">\n\t\t\t\t\t\t\t<img width=\"1024\" height=\"768\" src=\"https:\/\/themiracentralpark.com.vn\/wp-content\/uploads\/2025\/03\/z4758234461599_ce70ef073329a776147635468d195e74-1024x768.jpg\" class=\"elementor-animation-grow attachment-large size-large\" alt=\"\" loading=\"lazy\" srcset=\"https:\/\/themiracentralpark.com.vn\/wp-content\/uploads\/2025\/03\/z4758234461599_ce70ef073329a776147635468d195e74-1024x768.jpg 1024w, https:\/\/themiracentralpark.com.vn\/wp-content\/uploads\/2025\/03\/z4758234461599_ce70ef073329a776147635468d195e74-300x225.jpg 300w, https:\/\/themiracentralpark.com.vn\/wp-content\/uploads\/2025\/03\/z4758234461599_ce70ef073329a776147635468d195e74-768x576.jpg 768w, https:\/\/themiracentralpark.com.vn\/wp-content\/uploads\/2025\/03\/z4758234461599_ce70ef073329a776147635468d195e74-440x330.jpg 440w, https:\/\/themiracentralpark.com.vn\/wp-content\/uploads\/2025\/03\/z4758234461599_ce70ef073329a776147635468d195e74.jpg 1280w\" sizes=\"(max-width: 1024px) 100vw, 1024px\" \/>\t\t\t\t\t\t\t\t<\/a>\n\t\t\t\t\t\t\t\t\t\t\t<\/div>\n\t\t\t\t<\/div>\n\t\t\t\t<\/div>\n\t\t\t\t<div class=\"elementor-element elementor-element-e6d1886 elementor-align-center elementor-widget elementor-widget-button\" data-id=\"e6d1886\" data-element_type=\"widget\" data-widget_type=\"button.default\">\n\t\t\t\t<div class=\"elementor-widget-container\">\n\t\t\t\t\t<div class=\"elementor-button-wrapper\">\n\t\t\t<a href=\"https:\/\/themiracentralpark.com.vn\/vi\/event\/\" class=\"elementor-button-link elementor-button elementor-size-xs\" role=\"button\">\n\t\t\t\t\t\t<span class=\"elementor-button-content-wrapper\">\n\t\t\t\t\t\t<span class=\"elementor-button-text\">T\u00ecm hi\u1ec3u th\u00eam<\/span>\n\t\t<\/span>\n\t\t\t\t\t<\/a>\n\t\t<\/div>\n\t\t\t\t<\/div>\n\t\t\t\t<\/div>\n\t\t\t\t<div class=\"elementor-element elementor-element-392d97e elementor-widget elementor-widget-heading\" data-id=\"392d97e\" data-element_type=\"widget\" data-widget_type=\"heading.default\">\n\t\t\t\t<div class=\"elementor-widget-container\">\n\t\t\t<h3 class=\"elementor-heading-title elementor-size-default\">EVENT<\/h3>\t\t<\/div>\n\t\t\t\t<\/div>\n\t\t\t\t\t\t<\/div>\n\t\t\t\t\t<\/div>\n\t\t<\/div>\n\t\t\t\t<div class=\"elementor-column elementor-col-33 elementor-top-column elementor-element elementor-element-8316c29\" data-id=\"8316c29\" data-element_type=\"column\">\n\t\t\t<div class=\"elementor-column-wrap elementor-element-populated\">\n\t\t\t\t\t\t\t<div class=\"elementor-widget-wrap\">\n\t\t\t\t\t\t<div class=\"elementor-element elementor-element-07d3c5d elementor-widget elementor-widget-image\" data-id=\"07d3c5d\" data-element_type=\"widget\" data-widget_type=\"image.default\">\n\t\t\t\t<div class=\"elementor-widget-container\">\n\t\t\t\t\t<div class=\"elementor-image\">\n\t\t\t\t\t\t\t\t\t\t\t<a href=\"\/vi\/wedding-events\/\" target=\"_blank\">\n\t\t\t\t\t\t\t<img width=\"1024\" height=\"681\" src=\"https:\/\/themiracentralpark.com.vn\/wp-content\/uploads\/2019\/01\/63_1155x768-1024x681.jpg\" class=\"elementor-animation-grow attachment-large size-large\" alt=\"\" loading=\"lazy\" srcset=\"https:\/\/themiracentralpark.com.vn\/wp-content\/uploads\/2019\/01\/63_1155x768-1024x681.jpg 1024w, https:\/\/themiracentralpark.com.vn\/wp-content\/uploads\/2019\/01\/63_1155x768-300x199.jpg 300w, https:\/\/themiracentralpark.com.vn\/wp-content\/uploads\/2019\/01\/63_1155x768-768x511.jpg 768w, https:\/\/themiracentralpark.com.vn\/wp-content\/uploads\/2019\/01\/63_1155x768-700x466.jpg 700w, https:\/\/themiracentralpark.com.vn\/wp-content\/uploads\/2019\/01\/63_1155x768-440x293.jpg 440w, https:\/\/themiracentralpark.com.vn\/wp-content\/uploads\/2019\/01\/63_1155x768-600x399.jpg 600w, https:\/\/themiracentralpark.com.vn\/wp-content\/uploads\/2019\/01\/63_1155x768.jpg 1155w\" sizes=\"(max-width: 1024px) 100vw, 1024px\" \/>\t\t\t\t\t\t\t\t<\/a>\n\t\t\t\t\t\t\t\t\t\t\t<\/div>\n\t\t\t\t<\/div>\n\t\t\t\t<\/div>\n\t\t\t\t<div class=\"elementor-element elementor-element-f7b3e71 elementor-align-center elementor-widget elementor-widget-button\" data-id=\"f7b3e71\" data-element_type=\"widget\" data-widget_type=\"button.default\">\n\t\t\t\t<div class=\"elementor-widget-container\">\n\t\t\t\t\t<div class=\"elementor-button-wrapper\">\n\t\t\t<a href=\"https:\/\/themiracentralpark.com.vn\/vi\/meeting-and-event-wedding-events\/\" class=\"elementor-button-link elementor-button elementor-size-xs\" role=\"button\">\n\t\t\t\t\t\t<span class=\"elementor-button-content-wrapper\">\n\t\t\t\t\t\t<span class=\"elementor-button-text\">T\u00ecm hi\u1ec3u th\u00eam<\/span>\n\t\t<\/span>\n\t\t\t\t\t<\/a>\n\t\t<\/div>\n\t\t\t\t<\/div>\n\t\t\t\t<\/div>\n\t\t\t\t<div class=\"elementor-element elementor-element-616e301 elementor-widget elementor-widget-heading\" data-id=\"616e301\" data-element_type=\"widget\" data-widget_type=\"heading.default\">\n\t\t\t\t<div class=\"elementor-widget-container\">\n\t\t\t<h3 class=\"elementor-heading-title elementor-size-default\">WEDDING<\/h3>\t\t<\/div>\n\t\t\t\t<\/div>\n\t\t\t\t\t\t<\/div>\n\t\t\t\t\t<\/div>\n\t\t<\/div>\n\t\t\t\t\t\t\t\t<\/div>\n\t\t\t\t\t<\/div>\n\t\t<\/section>\n\t\t\t\t<section class=\"elementor-section elementor-top-section elementor-element elementor-element-1b9cf7a elementor-section-boxed elementor-section-height-default elementor-section-height-default\" data-id=\"1b9cf7a\" data-element_type=\"section\">\n\t\t\t\t\t\t<div class=\"elementor-container elementor-column-gap-default\">\n\t\t\t\t\t\t\t<div class=\"elementor-row\">\n\t\t\t\t\t<div class=\"elementor-column elementor-col-100 elementor-top-column elementor-element elementor-element-be9b29c\" data-id=\"be9b29c\" data-element_type=\"column\">\n\t\t\t<div class=\"elementor-column-wrap elementor-element-populated\">\n\t\t\t\t\t\t\t<div class=\"elementor-widget-wrap\">\n\t\t\t\t\t\t<div class=\"elementor-element elementor-element-a3db260 elementor-widget elementor-widget-google_maps\" data-id=\"a3db260\" data-element_type=\"widget\" data-widget_type=\"google_maps.default\">\n\t\t\t\t<div class=\"elementor-widget-container\">\n\t\t\t<div class=\"elementor-custom-embed\"><iframe frameborder=\"0\" scrolling=\"no\" marginheight=\"0\" marginwidth=\"0\" src=\"https:\/\/maps.google.com\/maps?q=the%20mira%20central%20&amp;t=m&amp;z=10&amp;output=embed&amp;iwloc=near\" title=\"the mira central \" aria-label=\"the mira central \"><\/iframe><\/div>\t\t<\/div>\n\t\t\t\t<\/div>\n\t\t\t\t\t\t<\/div>\n\t\t\t\t\t<\/div>\n\t\t<\/div>\n\t\t\t\t\t\t\t\t<\/div>\n\t\t\t\t\t<\/div>\n\t\t<\/section>\n\t\t\t\t\t\t<\/div>\n\t\t\t\t\t\t<\/div>\n\t\t\t\t\t<\/div>","protected":false},"excerpt":{"rendered":"<p>WEDDING &amp; CONVENTION CENTER The Destination of Perfection \u2013 Complete in Every Journey THE MIRA WEDDING &#038; CONVENTION CENTER Whether you are looking for the perfect venue for an important meeting or business conference.\u00a0 At The Mira Convention &amp; Events, [&hellip;]<\/p>","protected":false},"author":7,"featured_media":8747,"parent":0,"menu_order":0,"comment_status":"closed","ping_status":"closed","template":"elementor_header_footer","meta":[],"_links":{"self":[{"href":"https:\/\/themiracentralpark.com.vn\/vi\/wp-json\/wp\/v2\/pages\/210"}],"collection":[{"href":"https:\/\/themiracentralpark.com.vn\/vi\/wp-json\/wp\/v2\/pages"}],"about":[{"href":"https:\/\/themiracentralpark.com.vn\/vi\/wp-json\/wp\/v2\/types\/page"}],"author":[{"embeddable":true,"href":"https:\/\/themiracentralpark.com.vn\/vi\/wp-json\/wp\/v2\/users\/7"}],"replies":[{"embeddable":true,"href":"https:\/\/themiracentralpark.com.vn\/vi\/wp-json\/wp\/v2\/comments?post=210"}],"version-history":[{"count":107,"href":"https:\/\/themiracentralpark.com.vn\/vi\/wp-json\/wp\/v2\/pages\/210\/revisions"}],"predecessor-version":[{"id":9486,"href":"https:\/\/themiracentralpark.com.vn\/vi\/wp-json\/wp\/v2\/pages\/210\/revisions\/9486"}],"wp:featuredmedia":[{"embeddable":true,"href":"https:\/\/themiracentralpark.com.vn\/vi\/wp-json\/wp\/v2\/media\/8747"}],"wp:attachment":[{"href":"https:\/\/themiracentralpark.com.vn\/vi\/wp-json\/wp\/v2\/media?parent=210"}],"curies":[{"name":"wp","href":"https:\/\/api.w.org\/{rel}","templated":true}]}}