{"id":2177,"date":"2019-01-16T05:48:27","date_gmt":"2019-01-16T05:48:27","guid":{"rendered":"http:\/\/mira.websthatworks.com\/?page_id=2177"},"modified":"2019-01-23T10:27:21","modified_gmt":"2019-01-23T10:27:21","slug":"table-reservation","status":"publish","type":"page","link":"https:\/\/themiracentralpark.com.vn\/vi\/table-reservation\/","title":{"rendered":"\u0110\u1eb7t b\u00e0n"},"content":{"rendered":"<div data-elementor-type=\"wp-post\" data-elementor-id=\"2177\" class=\"elementor elementor-2177 elementor-bc-flex-widget\" data-elementor-settings=\"[]\">\n\t\t\t\t\t\t<div class=\"elementor-inner\">\n\t\t\t\t\t\t\t<div class=\"elementor-section-wrap\">\n\t\t\t\t\t\t\t<section class=\"elementor-section elementor-top-section elementor-element elementor-element-29a7346 elementor-section-boxed elementor-section-height-default elementor-section-height-default\" data-id=\"29a7346\" data-element_type=\"section\" data-settings=\"{&quot;background_background&quot;:&quot;classic&quot;}\">\n\t\t\t\t\t\t<div class=\"elementor-container elementor-column-gap-default\">\n\t\t\t\t\t\t\t<div class=\"elementor-row\">\n\t\t\t\t\t<div class=\"elementor-column elementor-col-100 elementor-top-column elementor-element elementor-element-5825148\" data-id=\"5825148\" data-element_type=\"column\">\n\t\t\t<div class=\"elementor-column-wrap elementor-element-populated\">\n\t\t\t\t\t\t\t<div class=\"elementor-widget-wrap\">\n\t\t\t\t\t\t<section class=\"elementor-section elementor-inner-section elementor-element elementor-element-5768c12 elementor-section-boxed elementor-section-height-default elementor-section-height-default\" data-id=\"5768c12\" data-element_type=\"section\" data-settings=\"{&quot;background_background&quot;:&quot;classic&quot;}\">\n\t\t\t\t\t\t<div class=\"elementor-container elementor-column-gap-default\">\n\t\t\t\t\t\t\t<div class=\"elementor-row\">\n\t\t\t\t\t<div class=\"elementor-column elementor-col-50 elementor-inner-column elementor-element elementor-element-ab7bc40\" data-id=\"ab7bc40\" data-element_type=\"column\">\n\t\t\t<div class=\"elementor-column-wrap elementor-element-populated\">\n\t\t\t\t\t\t\t<div class=\"elementor-widget-wrap\">\n\t\t\t\t\t\t<div class=\"elementor-element elementor-element-a9fb285 elementor-widget elementor-widget-shortcode\" data-id=\"a9fb285\" data-element_type=\"widget\" data-widget_type=\"shortcode.default\">\n\t\t\t\t<div class=\"elementor-widget-container\">\n\t\t\t\t\t<div class=\"elementor-shortcode\"><div role=\"form\" class=\"wpcf7\" id=\"wpcf7-f2174-o1\" lang=\"en-US\" dir=\"ltr\">\n<div class=\"screen-reader-response\"><\/div>\n<form action=\"\/vi\/wp-json\/wp\/v2\/pages\/2177#wpcf7-f2174-o1\" method=\"post\" class=\"wpcf7-form\" novalidate=\"novalidate\" data-trp-original-action=\"\/vi\/wp-json\/wp\/v2\/pages\/2177#wpcf7-f2174-o1\">\n<div style=\"display: none;\">\n<input type=\"hidden\" name=\"_wpcf7\" value=\"2174\" \/>\n<input type=\"hidden\" name=\"_wpcf7_version\" value=\"5.1.1\" \/>\n<input type=\"hidden\" name=\"_wpcf7_locale\" value=\"en_US\" \/>\n<input type=\"hidden\" name=\"_wpcf7_unit_tag\" value=\"wpcf7-f2174-o1\" \/>\n<input type=\"hidden\" name=\"_wpcf7_container_post\" value=\"0\" \/>\n<input type=\"hidden\" name=\"g-recaptcha-response\" value=\"\" \/>\n<\/div>\n<p>T\u00ean Qu\u00fd Kh\u00e1ch (c\u1ea7n thi\u1ebft)<br \/>\n<span class=\"wpcf7-form-control-wrap your-name\"><input type=\"text\" name=\"your-name\" value=\"\" size=\"30\" maxlength=\"60\" class=\"wpcf7-form-control wpcf7-text wpcf7-validates-as-required\" aria-required=\"true\" aria-invalid=\"false\" \/><\/span><\/p>\n<p>Email (c\u1ea7n thi\u1ebft)<br \/>\n<span class=\"wpcf7-form-control-wrap your-email\"><input type=\"email\" name=\"your-email\" value=\"\" size=\"40\" class=\"wpcf7-form-control wpcf7-text wpcf7-email wpcf7-validates-as-required wpcf7-validates-as-email\" aria-required=\"true\" aria-invalid=\"false\" placeholder=\"yourmail@example.com\" \/><\/span><\/p>\n<p><label> S\u1ed1 \u0111i\u1ec7n tho\u1ea1i (c\u1ea7n thi\u1ebft)<br \/>\n<span class=\"wpcf7-form-control-wrap tel-411\"><input type=\"tel\" name=\"tel-411\" value=\"\" size=\"40\" class=\"wpcf7-form-control wpcf7-text wpcf7-tel wpcf7-validates-as-required wpcf7-validates-as-tel\" aria-required=\"true\" aria-invalid=\"false\" \/><\/span><\/p>\n<p>L\u1eddi Nh\u1eafn<br \/>\n<span class=\"wpcf7-form-control-wrap your-message\"><textarea name=\"your-message\" cols=\"40\" rows=\"10\" class=\"wpcf7-form-control wpcf7-textarea wpcf7-validates-as-required\" aria-required=\"true\" aria-invalid=\"false\" placeholder=\"Vui l\u00f2ng ghi r\u00f5 th\u00f4ng tin y\u00eau c\u1ea7u, t\u1ed1i \u0111a 300 ch\u1eef (h\u00ecnh th\u1ee9c ti\u1ec7c, th\u1eddi gian t\u1ed5 ch\u1ee9c (ng\u00e0y\/th\u00e1ng\/n\u0103m), s\u1ed1 l\u01b0\u1ee3ng ng\u01b0\u1eddi tham d\u1ef1, c\u00e1c y\u00eau c\u1ea7u kh\u00e1c\u2026\"><\/textarea><\/span><\/p>\n<p><input type=\"submit\" value=\"G\u1eedi\" class=\"wpcf7-form-control wpcf7-submit button\" \/><\/p>\n<div class=\"wpcf7-response-output wpcf7-display-none\"><\/div><input type=\"hidden\" name=\"trp-form-language\" value=\"vi\"\/><\/form><\/div><\/div>\n\t\t\t\t<\/div>\n\t\t\t\t<\/div>\n\t\t\t\t\t\t<\/div>\n\t\t\t\t\t<\/div>\n\t\t<\/div>\n\t\t\t\t<div class=\"elementor-column elementor-col-50 elementor-inner-column elementor-element elementor-element-2f39efa\" data-id=\"2f39efa\" data-element_type=\"column\">\n\t\t\t<div class=\"elementor-column-wrap elementor-element-populated\">\n\t\t\t\t\t\t\t<div class=\"elementor-widget-wrap\">\n\t\t\t\t\t\t<div class=\"elementor-element elementor-element-b95b2e1 elementor-widget elementor-widget-image\" data-id=\"b95b2e1\" data-element_type=\"widget\" data-widget_type=\"image.default\">\n\t\t\t\t<div class=\"elementor-widget-container\">\n\t\t\t\t\t<div class=\"elementor-image\">\n\t\t\t\t\t\t\t\t\t\t<img src=\"https:\/\/themiracentralpark.com.vn\/wp-content\/uploads\/elementor\/thumbs\/106-pgs64r4ef4lyeznrwjulmcds36ufgx4wy4u87tk1z4.jpg\" title=\"106\" alt=\"106\" \/>\t\t\t\t\t\t\t\t\t\t\t<\/div>\n\t\t\t\t<\/div>\n\t\t\t\t<\/div>\n\t\t\t\t\t\t<\/div>\n\t\t\t\t\t<\/div>\n\t\t<\/div>\n\t\t\t\t\t\t\t\t<\/div>\n\t\t\t\t\t<\/div>\n\t\t<\/section>\n\t\t\t\t\t\t<\/div>\n\t\t\t\t\t<\/div>\n\t\t<\/div>\n\t\t\t\t\t\t\t\t<\/div>\n\t\t\t\t\t<\/div>\n\t\t<\/section>\n\t\t\t\t\t\t<\/div>\n\t\t\t\t\t\t<\/div>\n\t\t\t\t\t<\/div>","protected":false},"excerpt":{"rendered":"","protected":false},"author":11,"featured_media":0,"parent":0,"menu_order":0,"comment_status":"closed","ping_status":"closed","template":"","meta":[],"_links":{"self":[{"href":"https:\/\/themiracentralpark.com.vn\/vi\/wp-json\/wp\/v2\/pages\/2177"}],"collection":[{"href":"https:\/\/themiracentralpark.com.vn\/vi\/wp-json\/wp\/v2\/pages"}],"about":[{"href":"https:\/\/themiracentralpark.com.vn\/vi\/wp-json\/wp\/v2\/types\/page"}],"author":[{"embeddable":true,"href":"https:\/\/themiracentralpark.com.vn\/vi\/wp-json\/wp\/v2\/users\/11"}],"replies":[{"embeddable":true,"href":"https:\/\/themiracentralpark.com.vn\/vi\/wp-json\/wp\/v2\/comments?post=2177"}],"version-history":[{"count":24,"href":"https:\/\/themiracentralpark.com.vn\/vi\/wp-json\/wp\/v2\/pages\/2177\/revisions"}],"predecessor-version":[{"id":2465,"href":"https:\/\/themiracentralpark.com.vn\/vi\/wp-json\/wp\/v2\/pages\/2177\/revisions\/2465"}],"wp:attachment":[{"href":"https:\/\/themiracentralpark.com.vn\/vi\/wp-json\/wp\/v2\/media?parent=2177"}],"curies":[{"name":"wp","href":"https:\/\/api.w.org\/{rel}","templated":true}]}}