{"id":2902,"date":"2019-06-11T03:27:42","date_gmt":"2019-06-11T03:27:42","guid":{"rendered":"https:\/\/themiracentralpark.com.vn\/?page_id=2902"},"modified":"2026-03-30T14:29:12","modified_gmt":"2026-03-30T07:29:12","slug":"n","status":"publish","type":"page","link":"https:\/\/themiracentralpark.com.vn\/vi\/n\/","title":{"rendered":"Tin t\u1ee9c"},"content":{"rendered":"<div data-elementor-type=\"wp-post\" data-elementor-id=\"2902\" class=\"elementor elementor-2902\" data-elementor-settings=\"[]\">\n\t\t\t\t\t\t<div class=\"elementor-inner\">\n\t\t\t\t\t\t\t<div class=\"elementor-section-wrap\">\n\t\t\t\t\t\t\t<section class=\"elementor-section elementor-top-section elementor-element elementor-element-e8db38c elementor-section-stretched elementor-section-height-full elementor-section-boxed elementor-section-height-default elementor-section-items-middle\" data-id=\"e8db38c\" data-element_type=\"section\" data-settings=\"{&quot;stretch_section&quot;:&quot;section-stretched&quot;,&quot;background_background&quot;:&quot;classic&quot;}\">\n\t\t\t\t\t\t\t<div class=\"elementor-background-overlay\"><\/div>\n\t\t\t\t\t\t\t<div class=\"elementor-container elementor-column-gap-default\">\n\t\t\t\t\t\t\t<div class=\"elementor-row\">\n\t\t\t\t\t<div class=\"elementor-column elementor-col-100 elementor-top-column elementor-element elementor-element-ef59788\" data-id=\"ef59788\" data-element_type=\"column\">\n\t\t\t<div class=\"elementor-column-wrap elementor-element-populated\">\n\t\t\t\t\t\t\t<div class=\"elementor-widget-wrap\">\n\t\t\t\t\t\t<div class=\"elementor-element elementor-element-cc2d4b9 elementor-widget elementor-widget-heading\" data-id=\"cc2d4b9\" data-element_type=\"widget\" data-widget_type=\"heading.default\">\n\t\t\t\t<div class=\"elementor-widget-container\">\n\t\t\t<h1 class=\"elementor-heading-title elementor-size-default\">NEWS<\/h1>\t\t<\/div>\n\t\t\t\t<\/div>\n\t\t\t\t\t\t<\/div>\n\t\t\t\t\t<\/div>\n\t\t<\/div>\n\t\t\t\t\t\t\t\t<\/div>\n\t\t\t\t\t<\/div>\n\t\t<\/section>\n\t\t\t\t<section class=\"elementor-section elementor-top-section elementor-element elementor-element-b261d2b elementor-section-content-middle elementor-section-stretched va-recruiment elementor-section-boxed elementor-section-height-default elementor-section-height-default\" data-id=\"b261d2b\" data-element_type=\"section\" data-settings=\"{&quot;stretch_section&quot;:&quot;section-stretched&quot;,&quot;background_background&quot;:&quot;classic&quot;}\">\n\t\t\t\t\t\t<div class=\"elementor-container elementor-column-gap-default\">\n\t\t\t\t\t\t\t<div class=\"elementor-row\">\n\t\t\t\t\t<div class=\"elementor-column elementor-col-50 elementor-top-column elementor-element elementor-element-9c4cf63\" data-id=\"9c4cf63\" data-element_type=\"column\">\n\t\t\t<div class=\"elementor-column-wrap elementor-element-populated\">\n\t\t\t\t\t\t\t<div class=\"elementor-widget-wrap\">\n\t\t\t\t\t\t<div class=\"elementor-element elementor-element-77d554b elementor-widget elementor-widget-heading\" data-id=\"77d554b\" data-element_type=\"widget\" data-widget_type=\"heading.default\">\n\t\t\t\t<div class=\"elementor-widget-container\">\n\t\t\t<h2 class=\"elementor-heading-title elementor-size-default\">AFTERNOON &amp; HIGH TEA<\/h2>\t\t<\/div>\n\t\t\t\t<\/div>\n\t\t\t\t<div class=\"elementor-element elementor-element-bf026ca elementor-widget elementor-widget-text-editor\" data-id=\"bf026ca\" data-element_type=\"widget\" data-widget_type=\"text-editor.default\">\n\t\t\t\t<div class=\"elementor-widget-container\">\n\t\t\t\t\t<div class=\"elementor-text-editor elementor-clearfix\"><div dir=\"auto\" style=\"text-align: left;\">\n<div dir=\"auto\" style=\"font-weight: 400; font-style: normal; font-size: 15px; font-family: Lora;\">\n<p><span style=\"font-size: 12pt;\"><strong>Afternoon Tea<\/strong> <span style=\"font-family: Lora;\">\u0111\u01b0\u1ee3c xem l\u00e0 n\u00e9t v\u0103n h\u00f3a tinh t\u00fay nh\u1ea5t \u1edf n\u01b0\u1edbc Anh, \u0111\u01b0\u1ee3c gi\u1edbi thi\u1ec7u b\u1edfi n\u1eef c\u00f4ng t\u01b0\u1edbc th\u1ee9 b\u1ea3y c\u1ee7a x\u1ee9 Bedford, Anna trong nh\u1eefng n\u0103m 1840.<\/span><\/span><br \/><span style=\"font-size: 12pt;\"><span style=\"font-family: Lora;\">Phong t\u1ee5c \u201ctr\u00e0 chi\u1ec1u\u201d ph\u1ed5 bi\u1ebfn \u0111\u1ebfn m\u1ee9c m\u00e0 trong su\u1ed1t nh\u1eefng n\u0103m 80, nh\u1eefng ng\u01b0\u1eddi ph\u1ee5 n\u1eef t\u1ea7ng l\u1edbp th\u01b0\u1ee3ng l\u01b0u v\u00e0 trong x\u00e3 h\u1ed9i s\u1ebd \u0111eo gang tay v\u00e0 \u0111\u1ed9i m\u0169 \u0111\u1ec3 tham d\u1ef1 ti\u1ec7c tr\u00e0 chi\u1ec1u v\u00e0o kho\u1ea3ng l\u00fac 4:00pm \u0111\u1ebfn 5:00pm.<\/span><\/span><br \/><span style=\"font-size: 12pt;\"><span style=\"font-family: Lora;\">Tr\u00e0 chi\u1ec1u, \u0111\u01b0\u1ee3c g\u1ecdi l\u00e0 Low Tea, l\u00e0 b\u1eefa u\u1ed1ng tr\u00e0 \u0103n<\/span><\/span><span style=\"font-weight: 400; font-style: normal; font-size: 14pt; font-family: 'times new roman', times, serif;\"><span style=\"font-size: 18.6667px; color: #000080;\">..<em style=\"font-size: 18.6667px;\"><a style=\"font-size: 18.6667px; color: #000080;\" href=\"https:\/\/themiracentralpark.com.vn\/vi\/afternoontea-hightea\/\">Chi ti\u1ebft<\/a>..\u00a0\u00a0<\/em><\/span><\/span><\/p>\n<\/div>\n<\/div><\/div>\n\t\t\t\t<\/div>\n\t\t\t\t<\/div>\n\t\t\t\t\t\t<\/div>\n\t\t\t\t\t<\/div>\n\t\t<\/div>\n\t\t\t\t<div class=\"elementor-column elementor-col-50 elementor-top-column elementor-element elementor-element-84de5a9\" data-id=\"84de5a9\" data-element_type=\"column\">\n\t\t\t<div class=\"elementor-column-wrap elementor-element-populated\">\n\t\t\t\t\t\t\t<div class=\"elementor-widget-wrap\">\n\t\t\t\t\t\t<div class=\"elementor-element elementor-element-364e621 elementor-widget elementor-widget-image\" data-id=\"364e621\" data-element_type=\"widget\" data-widget_type=\"image.default\">\n\t\t\t\t<div class=\"elementor-widget-container\">\n\t\t\t\t\t<div class=\"elementor-image\">\n\t\t\t\t\t\t\t\t\t\t<img src=\"https:\/\/themiracentralpark.com.vn\/wp-content\/uploads\/elementor\/thumbs\/hightea1-pgs68778codk7dwh366ti1lzyhjzeru2ryu5z8oam0.jpg\" title=\"hightea1\" alt=\"Tr\u00e0 Chi\u1ec1u 275.000vn\u0111\/ Ph\u1ea7n 2 kh\u00e1ch\" class=\"elementor-animation-pulse\" \/>\t\t\t\t\t\t\t\t\t\t\t<\/div>\n\t\t\t\t<\/div>\n\t\t\t\t<\/div>\n\t\t\t\t\t\t<\/div>\n\t\t\t\t\t<\/div>\n\t\t<\/div>\n\t\t\t\t\t\t\t\t<\/div>\n\t\t\t\t\t<\/div>\n\t\t<\/section>\n\t\t\t\t<section class=\"elementor-section elementor-top-section elementor-element elementor-element-1b830e8 elementor-section-content-middle elementor-section-stretched va-recruiment elementor-section-boxed elementor-section-height-default elementor-section-height-default\" data-id=\"1b830e8\" data-element_type=\"section\" data-settings=\"{&quot;stretch_section&quot;:&quot;section-stretched&quot;}\">\n\t\t\t\t\t\t<div class=\"elementor-container elementor-column-gap-default\">\n\t\t\t\t\t\t\t<div class=\"elementor-row\">\n\t\t\t\t\t<div class=\"elementor-column elementor-col-50 elementor-top-column elementor-element elementor-element-9bb7387\" data-id=\"9bb7387\" data-element_type=\"column\">\n\t\t\t<div class=\"elementor-column-wrap elementor-element-populated\">\n\t\t\t\t\t\t\t<div class=\"elementor-widget-wrap\">\n\t\t\t\t\t\t<div class=\"elementor-element elementor-element-494af89 elementor-widget elementor-widget-image\" data-id=\"494af89\" data-element_type=\"widget\" data-widget_type=\"image.default\">\n\t\t\t\t<div class=\"elementor-widget-container\">\n\t\t\t\t\t<div class=\"elementor-image\">\n\t\t\t\t\t\t\t\t\t\t<img src=\"https:\/\/themiracentralpark.com.vn\/wp-content\/uploads\/elementor\/thumbs\/DSC06009-scaled-pgs685bjz0azk5z7e5dkd232rpt8zdmm3pj70or2yg.jpg\" title=\"DSC06009\" alt=\"DSC06009\" class=\"elementor-animation-pulse\" \/>\t\t\t\t\t\t\t\t\t\t\t<\/div>\n\t\t\t\t<\/div>\n\t\t\t\t<\/div>\n\t\t\t\t\t\t<\/div>\n\t\t\t\t\t<\/div>\n\t\t<\/div>\n\t\t\t\t<div class=\"elementor-column elementor-col-50 elementor-top-column elementor-element elementor-element-989a443\" data-id=\"989a443\" data-element_type=\"column\">\n\t\t\t<div class=\"elementor-column-wrap elementor-element-populated\">\n\t\t\t\t\t\t\t<div class=\"elementor-widget-wrap\">\n\t\t\t\t\t\t<div class=\"elementor-element elementor-element-4eb6069 elementor-widget elementor-widget-heading\" data-id=\"4eb6069\" data-element_type=\"widget\" data-widget_type=\"heading.default\">\n\t\t\t\t<div class=\"elementor-widget-container\">\n\t\t\t<h2 class=\"elementor-heading-title elementor-size-default\"><h2 data-elementor-setting-key=\"title\" data-pen-placeholder=\"G\u00f5 v\u00e0o \u0111\u00e2y...\" style=\"letter-spacing: normal; text-align: left;\">\ud835\udc13\ud835\udc21\ud835\udc1e \ud835\udc0c\ud835\udc22\ud835\udc2b\ud835\udc1a \ud835\udc02\ud835\udc1e\ud835\udc27\ud835\udc2d\ud835\udc2b\ud835\udc1a\ud835\udc25 \ud835\udc0f\ud835\udc1a\ud835\udc2b\ud835\udc24 \ud835\udc07\ud835\udc28\ud835\udc2d\ud835\udc1e\ud835\udc25 \u0111\u00e3 ch\u1ee7 \u0111\u1ed9ng tri\u1ec3n khai th\u00f4ng \u0111i\u1ec7p \"5K\" c\u1ee7a B\u1ed9 Y T\u1ebf<\/h2><\/h2>\t\t<\/div>\n\t\t\t\t<\/div>\n\t\t\t\t<div class=\"elementor-element elementor-element-0ac4a41 elementor-widget elementor-widget-text-editor\" data-id=\"0ac4a41\" data-element_type=\"widget\" data-widget_type=\"text-editor.default\">\n\t\t\t\t<div class=\"elementor-widget-container\">\n\t\t\t\t\t<div class=\"elementor-text-editor elementor-clearfix\"><div dir=\"auto\"><span style=\"font-family: 'times new roman', times, serif; font-size: 14pt;\">\u0110\u1ec3 \u0111\u1ea3m b\u1ea3o an to\u00e0n s\u1ee9c kho\u1ebb c\u1ee7a to\u00e0n b\u1ed9 kh\u00e1ch h\u00e0ng v\u00e0 c\u1ed9ng \u0111\u1ed3ng \ud835\udc13\ud835\udc21\ud835\udc1e \ud835\udc0c\ud835\udc22\ud835\udc2b\ud835\udc1a \ud835\udc02\ud835\udc1e\ud835\udc27\ud835\udc2d\ud835\udc2b\ud835\udc1a\ud835\udc25 \ud835\udc0f\ud835\udc1a\ud835\udc2b\ud835\udc24 \ud835\udc07\ud835\udc28\ud835\udc2d\ud835\udc1e\ud835\udc25 \u0111\u00e3 ch\u1ee7 \u0111\u1ed9ng tri\u1ec3n khai th\u00f4ng \u0111i\u1ec7p &#8220;5K&#8221; c\u1ee7a B\u1ed9 Y T\u1ebf<\/span><\/div>\n<p>\u00a0<\/p>\n<div dir=\"auto\"><span style=\"font-family: 'times new roman', times, serif; font-size: 14pt;\"><span class=\"pq6dq46d tbxw36s4 knj5qynh kvgmc6g5 ditlmg2l oygrvhab nvdbi5me sf5mxxl7 gl3lb2sf hhz5lgdu\"><img loading=\"lazy\" src=\"https:\/\/static.xx.fbcdn.net\/images\/emoji.php\/v9\/tf4\/1\/16\/2728.png\" alt=\"\u2728\" width=\"16\" height=\"16\" \/><\/span> Trang b\u1ecb m\u00e1y \u0111o th\u00e2n nhi\u1ec7t t\u1ea1i khu v\u1ef1c l\u1ed1i v\u00e0o kh\u00e1ch s\u1ea1n v\u00e0 th\u1ef1c hi\u1ec7n nghi\u00eam ng\u1eb7t vi\u1ec7c ki\u1ec3m tra, theo d\u00f5i th\u00e2n nhi\u1ec7t c\u1ee7a nh\u00e2n vi\u00ean c\u00f9ng \u0111\u1ed1i t\u00e1c v\u00e0 kh\u00e1ch h\u00e0ng<a href=\"https:\/\/themiracentralpark.com.vn\/vi\/thong-diep-5k\/\"><span style=\"color: #0000ff;\">..chi ti\u1ebft.<\/span><\/a><\/span><\/div><\/div>\n\t\t\t\t<\/div>\n\t\t\t\t<\/div>\n\t\t\t\t\t\t<\/div>\n\t\t\t\t\t<\/div>\n\t\t<\/div>\n\t\t\t\t\t\t\t\t<\/div>\n\t\t\t\t\t<\/div>\n\t\t<\/section>\n\t\t\t\t<section class=\"elementor-section elementor-top-section elementor-element elementor-element-e2ef5aa elementor-section-content-middle elementor-section-stretched va-recruiment elementor-section-boxed elementor-section-height-default elementor-section-height-default\" data-id=\"e2ef5aa\" data-element_type=\"section\" data-settings=\"{&quot;stretch_section&quot;:&quot;section-stretched&quot;}\">\n\t\t\t\t\t\t<div class=\"elementor-container elementor-column-gap-default\">\n\t\t\t\t\t\t\t<div class=\"elementor-row\">\n\t\t\t\t\t<div class=\"elementor-column elementor-col-50 elementor-top-column elementor-element elementor-element-edaecb1\" data-id=\"edaecb1\" data-element_type=\"column\">\n\t\t\t<div class=\"elementor-column-wrap elementor-element-populated\">\n\t\t\t\t\t\t\t<div class=\"elementor-widget-wrap\">\n\t\t\t\t\t\t<div class=\"elementor-element elementor-element-088f760 elementor-widget elementor-widget-image\" data-id=\"088f760\" data-element_type=\"widget\" data-widget_type=\"image.default\">\n\t\t\t\t<div class=\"elementor-widget-container\">\n\t\t\t\t\t<div class=\"elementor-image\">\n\t\t\t\t\t\t\t\t\t\t<img src=\"https:\/\/themiracentralpark.com.vn\/wp-content\/uploads\/elementor\/thumbs\/Untitled-1-scaled-pgs67s5tbbsz1mibizose5emgbm3zm6ddweeataldk.jpg\" title=\"Untitled-1\" alt=\"Untitled-1\" class=\"elementor-animation-pulse\" \/>\t\t\t\t\t\t\t\t\t\t\t<\/div>\n\t\t\t\t<\/div>\n\t\t\t\t<\/div>\n\t\t\t\t\t\t<\/div>\n\t\t\t\t\t<\/div>\n\t\t<\/div>\n\t\t\t\t<div class=\"elementor-column elementor-col-50 elementor-top-column elementor-element elementor-element-d7a9646\" data-id=\"d7a9646\" data-element_type=\"column\">\n\t\t\t<div class=\"elementor-column-wrap elementor-element-populated\">\n\t\t\t\t\t\t\t<div class=\"elementor-widget-wrap\">\n\t\t\t\t\t\t<div class=\"elementor-element elementor-element-1037e99 elementor-widget elementor-widget-heading\" data-id=\"1037e99\" data-element_type=\"widget\" data-widget_type=\"heading.default\">\n\t\t\t\t<div class=\"elementor-widget-container\">\n\t\t\t<h2 class=\"elementor-heading-title elementor-size-default\"><h2 data-elementor-setting-key=\"title\" data-pen-placeholder=\"G\u00f5 v\u00e0o \u0111\u00e2y...\" style=\"letter-spacing: normal; text-align: center;\">NGU\u1ed2N C\u1ea2M H\u1ee8NG CHO T\u00c1C GI\u1ea2 C\u0168NG NH\u01af \u0110\u1eccC GI\u1ea2 \"K\u1ef6 Y\u1ebeU \u0110\u1ea0I H\u1ed8I \u0110\u1ea2NG\"<\/h2><\/h2>\t\t<\/div>\n\t\t\t\t<\/div>\n\t\t\t\t<div class=\"elementor-element elementor-element-96b720a elementor-widget elementor-widget-text-editor\" data-id=\"96b720a\" data-element_type=\"widget\" data-widget_type=\"text-editor.default\">\n\t\t\t\t<div class=\"elementor-widget-container\">\n\t\t\t\t\t<div class=\"elementor-text-editor elementor-clearfix\"><div dir=\"auto\">\n<p><span style=\"font-size: 14pt; font-family: 'times new roman', times, serif;\">T\u1ef1 h\u00e0o l\u00e0 Kh\u00e1ch S\u1ea1n \u0111\u1ea1t chu\u1ea9n 5 sao \u0111\u1ea7u ti\u00ean c\u1ee7a Th\u00e0nh Ph\u1ed1 Bi\u00ean H\u00f2a, \ud835\udc13\ud835\udc21\ud835\udc1e \ud835\udc0c\ud835\udc22\ud835\udc2b\ud835\udc1a \ud835\udc02\ud835\udc1e\ud835\udc27\ud835\udc2d\ud835\udc2b\ud835\udc1a\ud835\udc25 \ud835\udc0f\ud835\udc1a\ud835\udc2b\ud835\udc24 \ud835\udc07\ud835\udc28\ud835\udc2d\ud835\udc1e\ud835\udc25 v\u1eabn lu\u00f4n n\u1ed7 l\u1ef1c n\u00e2ng cao ch\u1ea5t l\u01b0\u01a1ng ph\u1ee5c v\u1ee5 v\u00e0 t\u00e1c phong ngh\u1ec1 nghi\u1ec7p cho c\u00e1n b\u1ed9 c\u00f4ng nh\u00e2n vi\u00ean ch\u1ee9c \u0111\u1ec3 d\u1ea7n ho\u00e0n thi\u1ec7n h\u01b0\u1edbng \u0111\u1ebfn h\u01a1n c\u1ea3 s\u1ef1 mong \u0111\u1ee3i c\u1ee7a kh\u00e1ch h\u00e0ng.<br \/>V\u00e0 \ud835\udc13\ud835\udc21\ud835\udc1e \ud835\udc0c\ud835\udc22\ud835\udc2b\ud835\udc1a \ud835\udc02\ud835\udc1e\ud835\udc27\ud835\udc2d\ud835\udc2b\ud835\udc1a\ud835\udc25 \ud835\udc0f\ud835\udc1a\ud835\udc2b\ud835\udc24 \ud835\udc07\ud835\udc28\ud835\udc2d\ud835\udc1e\ud835\udc25 c\u0169ng r\u1ea5t t\u1ef1 h\u00e0o v\u00ec <span style=\"color: #000080;\">..<em style=\"letter-spacing: 0px;\"><a style=\"letter-spacing: 0px; color: #000080;\" href=\"https:\/\/themiracentralpark.com.vn\/vi\/khach-san-5-sao-bien-hoa\/\">Chi ti\u1ebft<\/a>..<\/em><\/span><\/span><\/p>\n<p><!-- \/wp:paragraph --><!-- wp:paragraph --><\/p>\n<\/div><\/div>\n\t\t\t\t<\/div>\n\t\t\t\t<\/div>\n\t\t\t\t\t\t<\/div>\n\t\t\t\t\t<\/div>\n\t\t<\/div>\n\t\t\t\t\t\t\t\t<\/div>\n\t\t\t\t\t<\/div>\n\t\t<\/section>\n\t\t\t\t<section class=\"elementor-section elementor-top-section elementor-element elementor-element-d31a0b0 elementor-section-content-middle elementor-section-stretched va-recruiment elementor-section-boxed elementor-section-height-default elementor-section-height-default\" data-id=\"d31a0b0\" data-element_type=\"section\" data-settings=\"{&quot;stretch_section&quot;:&quot;section-stretched&quot;,&quot;background_background&quot;:&quot;classic&quot;}\">\n\t\t\t\t\t\t<div class=\"elementor-container elementor-column-gap-default\">\n\t\t\t\t\t\t\t<div class=\"elementor-row\">\n\t\t\t\t\t<div class=\"elementor-column elementor-col-50 elementor-top-column elementor-element elementor-element-bb3b42b\" data-id=\"bb3b42b\" data-element_type=\"column\">\n\t\t\t<div class=\"elementor-column-wrap elementor-element-populated\">\n\t\t\t\t\t\t\t<div class=\"elementor-widget-wrap\">\n\t\t\t\t\t\t<div class=\"elementor-element elementor-element-0703c6d elementor-widget elementor-widget-heading\" data-id=\"0703c6d\" data-element_type=\"widget\" data-widget_type=\"heading.default\">\n\t\t\t\t<div class=\"elementor-widget-container\">\n\t\t\t<h2 class=\"elementor-heading-title elementor-size-default\">THE MIRA CENTRAL PARK T\u1ed4 CH\u1ee8C TH\u00c0NH C\u00d4NG L\u1ec4 K\u00dd B\u1ea2N GHI NH\u1eacN \u00dd \u0110\u1ecaNH GI\u1eeeA VI\u1ec6T NAM V\u00c0 HOA K\u1ef2 V\u1ec0 H\u1ed6 TR\u1ee2 NG\u01af\u1edcI KHUY\u1ebeT T\u1eacT VI\u1ec6T NAM T\u1ea0I C\u00c1C T\u1ec8NH \u01afU TI\u00caN<\/h2>\t\t<\/div>\n\t\t\t\t<\/div>\n\t\t\t\t<div class=\"elementor-element elementor-element-6e88cda elementor-widget elementor-widget-text-editor\" data-id=\"6e88cda\" data-element_type=\"widget\" data-widget_type=\"text-editor.default\">\n\t\t\t\t<div class=\"elementor-widget-container\">\n\t\t\t\t\t<div class=\"elementor-text-editor elementor-clearfix\"><div dir=\"auto\" style=\"text-align: left;\">\n<div dir=\"auto\" style=\"font-weight: 400; font-style: normal; font-size: 15px; font-family: Lora;\">\n<p style=\"font-weight: 400;\">Ng\u00e0y 20\/4, t\u1ea1i kh\u00e1ch s\u1ea1n The Mira CenTral Park \u2013 \u0110\u1ed3ng Nai, V\u0103n ph\u00f2ng C\u01a1 quan Th\u01b0\u1eddng tr\u1ef1c Ban Ch\u1ec9 \u0111\u1ea1o qu\u1ed1c gia kh\u1eafc ph\u1ee5c h\u1eadu qu\u1ea3 bom m\u00ecn v\u00e0 ch\u1ea5t \u0111\u1ed9c h\u00f3a h\u1ecdc sau chi\u1ebfn tranh (g\u1ecdi t\u1eaft l\u00e0 v\u0103n ph\u00f2ng 701) v\u00e0 C\u01a1 quan ph\u00e1t tri\u1ec3n qu\u1ed1c t\u1ebf Hoa K\u1ef3 (USAID) \u0111\u00e3 di\u1ec5n ra l\u1ec5 k\u00fd k\u1ebft b\u1ea3n ghi nh\u1eadn \u00fd \u0111\u1ecbnh v\u1ec1 h\u1ed7 tr\u1ee3 ng\u01b0\u1eddi khuy\u1ebft t\u1eadt Vi\u1ec7t Nam.. <em><span style=\"color: #0000ff;\"><a style=\"color: #0000ff;\" href=\"https:\/\/themiracentralpark.com.vn\/vi\/signing-ceremony\/\">Chi ti\u1ebft&#8230;.<\/a><\/span><\/em><\/p>\n<\/div>\n<\/div><\/div>\n\t\t\t\t<\/div>\n\t\t\t\t<\/div>\n\t\t\t\t\t\t<\/div>\n\t\t\t\t\t<\/div>\n\t\t<\/div>\n\t\t\t\t<div class=\"elementor-column elementor-col-50 elementor-top-column elementor-element elementor-element-85c0a3d\" data-id=\"85c0a3d\" data-element_type=\"column\">\n\t\t\t<div class=\"elementor-column-wrap elementor-element-populated\">\n\t\t\t\t\t\t\t<div class=\"elementor-widget-wrap\">\n\t\t\t\t\t\t<div class=\"elementor-element elementor-element-e84efa0 elementor-widget elementor-widget-image\" data-id=\"e84efa0\" data-element_type=\"widget\" data-widget_type=\"image.default\">\n\t\t\t\t<div class=\"elementor-widget-container\">\n\t\t\t\t\t<div class=\"elementor-image\">\n\t\t\t\t\t\t\t\t\t\t<img src=\"https:\/\/themiracentralpark.com.vn\/wp-content\/uploads\/elementor\/thumbs\/DSQMY1-pgs66z0tfgp31pon953cqurc1dlqczyoxw6cf8hsqg.jpg\" title=\"DSQMY1\" alt=\"DSQMY1\" class=\"elementor-animation-pulse\" \/>\t\t\t\t\t\t\t\t\t\t\t<\/div>\n\t\t\t\t<\/div>\n\t\t\t\t<\/div>\n\t\t\t\t\t\t<\/div>\n\t\t\t\t\t<\/div>\n\t\t<\/div>\n\t\t\t\t\t\t\t\t<\/div>\n\t\t\t\t\t<\/div>\n\t\t<\/section>\n\t\t\t\t<section class=\"elementor-section elementor-top-section elementor-element elementor-element-750993b elementor-section-content-middle elementor-section-stretched va-recruiment elementor-section-boxed elementor-section-height-default elementor-section-height-default\" data-id=\"750993b\" data-element_type=\"section\" data-settings=\"{&quot;stretch_section&quot;:&quot;section-stretched&quot;}\">\n\t\t\t\t\t\t<div class=\"elementor-container elementor-column-gap-default\">\n\t\t\t\t\t\t\t<div class=\"elementor-row\">\n\t\t\t\t\t<div class=\"elementor-column elementor-col-50 elementor-top-column elementor-element elementor-element-b5d822e\" data-id=\"b5d822e\" data-element_type=\"column\">\n\t\t\t<div class=\"elementor-column-wrap elementor-element-populated\">\n\t\t\t\t\t\t\t<div class=\"elementor-widget-wrap\">\n\t\t\t\t\t\t<div class=\"elementor-element elementor-element-cb24f81 elementor-widget elementor-widget-image\" data-id=\"cb24f81\" data-element_type=\"widget\" data-widget_type=\"image.default\">\n\t\t\t\t<div class=\"elementor-widget-container\">\n\t\t\t\t\t<div class=\"elementor-image\">\n\t\t\t\t\t\t\t\t\t\t<img src=\"https:\/\/themiracentralpark.com.vn\/wp-content\/uploads\/elementor\/thumbs\/DSC_7028-pgs66y2z8mnsq3q0emoq6czvfzqd5auylriuxyj6wo.jpg\" title=\"DSC_7028\" alt=\"DSC_7028\" class=\"elementor-animation-pulse\" \/>\t\t\t\t\t\t\t\t\t\t\t<\/div>\n\t\t\t\t<\/div>\n\t\t\t\t<\/div>\n\t\t\t\t\t\t<\/div>\n\t\t\t\t\t<\/div>\n\t\t<\/div>\n\t\t\t\t<div class=\"elementor-column elementor-col-50 elementor-top-column elementor-element elementor-element-53c8125\" data-id=\"53c8125\" data-element_type=\"column\">\n\t\t\t<div class=\"elementor-column-wrap elementor-element-populated\">\n\t\t\t\t\t\t\t<div class=\"elementor-widget-wrap\">\n\t\t\t\t\t\t<div class=\"elementor-element elementor-element-38c8b14 elementor-widget elementor-widget-heading\" data-id=\"38c8b14\" data-element_type=\"widget\" data-widget_type=\"heading.default\">\n\t\t\t\t<div class=\"elementor-widget-container\">\n\t\t\t<h2 class=\"elementor-heading-title elementor-size-default\">H\u1ed8I NGH\u1eca T\u1ed4NG K\u1ebeT TH\u1ef0C HI\u1ec6N V\u00c0 K\u00dd K\u1ebeT GIAO \u01af\u1edaC THI \u0110UA<\/h2>\t\t<\/div>\n\t\t\t\t<\/div>\n\t\t\t\t<div class=\"elementor-element elementor-element-fd41052 elementor-widget elementor-widget-text-editor\" data-id=\"fd41052\" data-element_type=\"widget\" data-widget_type=\"text-editor.default\">\n\t\t\t\t<div class=\"elementor-widget-container\">\n\t\t\t\t\t<div class=\"elementor-text-editor elementor-clearfix\"><div dir=\"auto\">\n<p><span style=\"font-family: 'Times New Roman', serif; font-size: 14pt; letter-spacing: 0px;\">Ng\u00e0y 15\/3\/2019, H\u1ed9i ngh\u1ecb t\u1ed5ng k\u1ebft th\u1ef1c hi\u1ec7n giao \u01b0\u1edbc thi \u0111ua n\u0103m 2018 v\u00e0 k\u00fd k\u1ebft giao \u01b0\u1edbc thi \u0111ua n\u0103m 2019 c\u1ee5m thi \u0111ua c\u00e1c t\u1ec9nh \u0110\u00f4ng nam b\u1ed9 do t\u1ec9nh \u0110\u1ed3ng Nai t\u1ed5 ch\u1ee9c \u0111\u00e3 di\u1ec5n ra t\u1ea1i Kh\u00e1ch s\u1ea1n The Mira Central Park. <\/span><span style=\"font-family: 'Times New Roman', serif; font-size: 14pt; letter-spacing: 0px;\">\u00a0<\/span><span style=\"font-family: 'Times New Roman', serif; font-size: 14pt; letter-spacing: 0px;\">H\u1ed9i ngh\u1ecb \u0111\u00e3 vinh d\u1ef1 \u0111\u00f3n ti\u1ebfp b\u00e0 \u0110\u1eb7ng Th\u1ecb Ng\u1ecdc Th\u1ecbnh \u2013 Ph\u00f3 ch\u1ee7 t\u1ecbch n\u01b0\u1edbc c\u00f9ng nhi\u1ec1u c\u00e1n b\u1ed9 trung \u01b0\u01a1ng v\u00e0 l\u00e3nh \u0111\u1ea1o c\u00e1c t\u1ec9nh v\u00f9ng \u0110\u00f4ng nam b\u1ed9.<\/span>&#8230;\u00a0<span style=\"color: #0000ff;\"><a style=\"font-family: inherit; font-size: 16px; letter-spacing: 0px; color: #0000ff;\" href=\"https:\/\/themiracentralpark.com.vn\/vi\/hoi-nghi-tong-ket-thi-dua\/\"><i><b>Chi ti\u1ebft&#8230;.<\/b><\/i><\/a><\/span><\/p>\n<p><!-- \/wp:paragraph --><!-- wp:paragraph --><\/p>\n<\/div><\/div>\n\t\t\t\t<\/div>\n\t\t\t\t<\/div>\n\t\t\t\t\t\t<\/div>\n\t\t\t\t\t<\/div>\n\t\t<\/div>\n\t\t\t\t\t\t\t\t<\/div>\n\t\t\t\t\t<\/div>\n\t\t<\/section>\n\t\t\t\t\t\t<\/div>\n\t\t\t\t\t\t<\/div>\n\t\t\t\t\t<\/div>","protected":false},"excerpt":{"rendered":"<p>NEWS AFTERNOON &amp; HIGH TEA Afternoon Tea \u0111\u01b0\u1ee3c xem l\u00e0 n\u00e9t v\u0103n h\u00f3a tinh t\u00fay nh\u1ea5t \u1edf n\u01b0\u1edbc Anh, \u0111\u01b0\u1ee3c gi\u1edbi thi\u1ec7u b\u1edfi n\u1eef c\u00f4ng t\u01b0\u1edbc th\u1ee9 b\u1ea3y c\u1ee7a x\u1ee9 Bedford, Anna trong nh\u1eefng n\u0103m 1840.Phong t\u1ee5c \u201ctr\u00e0 chi\u1ec1u\u201d ph\u1ed5 [&hellip;]<\/p>","protected":false},"author":7,"featured_media":0,"parent":0,"menu_order":0,"comment_status":"closed","ping_status":"closed","template":"","meta":[],"_links":{"self":[{"href":"https:\/\/themiracentralpark.com.vn\/vi\/wp-json\/wp\/v2\/pages\/2902"}],"collection":[{"href":"https:\/\/themiracentralpark.com.vn\/vi\/wp-json\/wp\/v2\/pages"}],"about":[{"href":"https:\/\/themiracentralpark.com.vn\/vi\/wp-json\/wp\/v2\/types\/page"}],"author":[{"embeddable":true,"href":"https:\/\/themiracentralpark.com.vn\/vi\/wp-json\/wp\/v2\/users\/7"}],"replies":[{"embeddable":true,"href":"https:\/\/themiracentralpark.com.vn\/vi\/wp-json\/wp\/v2\/comments?post=2902"}],"version-history":[{"count":152,"href":"https:\/\/themiracentralpark.com.vn\/vi\/wp-json\/wp\/v2\/pages\/2902\/revisions"}],"predecessor-version":[{"id":9484,"href":"https:\/\/themiracentralpark.com.vn\/vi\/wp-json\/wp\/v2\/pages\/2902\/revisions\/9484"}],"wp:attachment":[{"href":"https:\/\/themiracentralpark.com.vn\/vi\/wp-json\/wp\/v2\/media?parent=2902"}],"curies":[{"name":"wp","href":"https:\/\/api.w.org\/{rel}","templated":true}]}}