{"id":2965,"date":"2019-06-14T03:14:22","date_gmt":"2019-06-14T03:14:22","guid":{"rendered":"https:\/\/themiracentralpark.com.vn\/?page_id=2965"},"modified":"2019-06-14T06:44:17","modified_gmt":"2019-06-14T06:44:17","slug":"signing-ceremony","status":"publish","type":"page","link":"https:\/\/themiracentralpark.com.vn\/vi\/signing-ceremony\/","title":{"rendered":"L\u1ec5 K\u00fd B\u1ea3n Ghi Nh\u1eadn \u00dd \u0110\u1ecbnh"},"content":{"rendered":"<div data-elementor-type=\"wp-post\" data-elementor-id=\"2965\" class=\"elementor elementor-2965 elementor-bc-flex-widget\" data-elementor-settings=\"[]\">\n\t\t\t\t\t\t<div class=\"elementor-inner\">\n\t\t\t\t\t\t\t<div class=\"elementor-section-wrap\">\n\t\t\t\t\t\t\t<section class=\"elementor-section elementor-top-section elementor-element elementor-element-f97524b elementor-section-stretched elementor-section-height-min-height elementor-section-boxed elementor-section-height-default elementor-section-items-middle\" data-id=\"f97524b\" data-element_type=\"section\" data-settings=\"{&quot;stretch_section&quot;:&quot;section-stretched&quot;,&quot;background_background&quot;:&quot;classic&quot;}\">\n\t\t\t\t\t\t\t<div class=\"elementor-background-overlay\"><\/div>\n\t\t\t\t\t\t\t<div class=\"elementor-container elementor-column-gap-default\">\n\t\t\t\t\t\t\t<div class=\"elementor-row\">\n\t\t\t\t\t<div class=\"elementor-column elementor-col-100 elementor-top-column elementor-element elementor-element-1b187b2\" data-id=\"1b187b2\" data-element_type=\"column\">\n\t\t\t<div class=\"elementor-column-wrap elementor-element-populated\">\n\t\t\t\t\t\t\t<div class=\"elementor-widget-wrap\">\n\t\t\t\t\t\t<div class=\"elementor-element elementor-element-fd8c703 elementor-invisible elementor-widget elementor-widget-heading\" data-id=\"fd8c703\" data-element_type=\"widget\" data-settings=\"{&quot;_animation&quot;:&quot;fadeInUp&quot;}\" data-widget_type=\"heading.default\">\n\t\t\t\t<div class=\"elementor-widget-container\">\n\t\t\t<h1 class=\"elementor-heading-title elementor-size-default\">TIN T\u1ee8C<\/h1>\t\t<\/div>\n\t\t\t\t<\/div>\n\t\t\t\t\t\t<\/div>\n\t\t\t\t\t<\/div>\n\t\t<\/div>\n\t\t\t\t\t\t\t\t<\/div>\n\t\t\t\t\t<\/div>\n\t\t<\/section>\n\t\t\t\t<section class=\"elementor-section elementor-inner-section elementor-element elementor-element-80c1fae elementor-section-content-middle elementor-section-boxed elementor-section-height-default elementor-section-height-default\" data-id=\"80c1fae\" data-element_type=\"section\">\n\t\t\t\t\t\t<div class=\"elementor-container elementor-column-gap-wider\">\n\t\t\t\t\t\t\t<div class=\"elementor-row\">\n\t\t\t\t\t<div class=\"elementor-column elementor-col-50 elementor-inner-column elementor-element elementor-element-5e4a0ef\" data-id=\"5e4a0ef\" data-element_type=\"column\">\n\t\t\t<div class=\"elementor-column-wrap elementor-element-populated\">\n\t\t\t\t\t\t\t<div class=\"elementor-widget-wrap\">\n\t\t\t\t\t\t<div class=\"elementor-element elementor-element-576f5d0 elementor-invisible elementor-widget elementor-widget-heading\" data-id=\"576f5d0\" data-element_type=\"widget\" data-settings=\"{&quot;_animation&quot;:&quot;fadeInRight&quot;}\" data-widget_type=\"heading.default\">\n\t\t\t\t<div class=\"elementor-widget-container\">\n\t\t\t<h4 class=\"elementor-heading-title elementor-size-small\">THE MIRA CENTRAL PARK T\u1ed4 CH\u1ee8C TH\u00c0NH C\u00d4NG L\u1ec4 K\u00dd B\u1ea2N GHI NH\u1eacN \u00dd \u0110\u1ecaNH GI\u1eeeA VI\u1ec6T NAM V\u00c0  HOA K\u1ef2 V\u1ec0 H\u1ed6 TR\u1ee2 NG\u01af\u1edcI KHUY\u1ebeT T\u1eacT VI\u1ec6T NAM T\u1ea0I C\u00c1C T\u1ec8NH \u01afU TI\u00caN<\/h4>\t\t<\/div>\n\t\t\t\t<\/div>\n\t\t\t\t<div class=\"elementor-element elementor-element-f3ca6bf elementor-invisible elementor-widget elementor-widget-text-editor\" data-id=\"f3ca6bf\" data-element_type=\"widget\" data-settings=\"{&quot;_animation&quot;:&quot;fadeInRight&quot;,&quot;_animation_delay&quot;:400}\" data-widget_type=\"text-editor.default\">\n\t\t\t\t<div class=\"elementor-widget-container\">\n\t\t\t\t\t<div class=\"elementor-text-editor elementor-clearfix\"><p><strong>Ng\u00e0y 20\/4, t\u1ea1i kh\u00e1ch s\u1ea1n The Mira CenTral Park \u2013 \u0110\u1ed3ng Nai, V\u0103n ph\u00f2ng C\u01a1 quan Th\u01b0\u1eddng tr\u1ef1c Ban Ch\u1ec9 \u0111\u1ea1o qu\u1ed1c gia kh\u1eafc ph\u1ee5c h\u1eadu qu\u1ea3 bom m\u00ecn v\u00e0 ch\u1ea5t \u0111\u1ed9c h\u00f3a h\u1ecdc sau chi\u1ebfn tranh (g\u1ecdi t\u1eaft l\u00e0 v\u0103n ph\u00f2ng 701) v\u00e0 C\u01a1 quan ph\u00e1t tri\u1ec3n qu\u1ed1c t\u1ebf Hoa K\u1ef3 (USAID) \u0111\u00e3 di\u1ec5n ra l\u1ec5 k\u00fd k\u1ebft b\u1ea3n ghi nh\u1eadn \u00fd \u0111\u1ecbnh v\u1ec1 h\u1ed7 tr\u1ee3 ng\u01b0\u1eddi khuy\u1ebft t\u1eadt Vi\u1ec7t Nam.<\/strong><\/p><p>\u0110\u00e2y l\u00e0 m\u1ed9t trong nh\u1eefng s\u1ef1 ki\u1ec7n quan tr\u1ecdng \u0111\u01b0\u1ee3c t\u1ed5 ch\u1ee9c trong chuy\u1ebfn th\u0103m \u0110\u1ed3ng Nai c\u1ee7a ph\u00e1i \u0111o\u00e0n c\u00e1c Ngh\u1ecb s\u1ef9 M\u1ef9 do Th\u01b0\u1ee3ng Ngh\u1ecb s\u1ef9 Patrick Leahy d\u1eabn \u0111\u1ea7u. V\u1ec1 ph\u00eda Vi\u1ec7t Nam c\u00f3 s\u1ef1 tham gia c\u1ee7a ph\u00f3 th\u1ee7 t\u01b0\u1edbng Tr\u01b0\u01a1ng H\u00f2a B\u00ecnh, th\u01b0\u1ee3ng t\u01b0\u1edbng \u2013 th\u1ee9 tr\u01b0\u1edfng B\u1ed9 Qu\u1ed1c Ph\u00f2ng Nguy\u1ec5n Ch\u00ed V\u1ecbnh c\u00f9ng m\u1ed9t s\u1ed1 \u0111\u1ea1i bi\u1ec3u l\u00e3nh \u0111\u1ea1o c\u00e1c b\u1ed9, ban ng\u00e0nh trung \u01b0\u01a1ng v\u00e0 \u0111\u1ecba ph\u01b0\u01a1ng.<\/p><p><a href=\"https:\/\/themiracentralpark.com.vn\/wp-content\/uploads\/2019\/06\/DSQMY1.jpg\"><img loading=\"lazy\" class=\"aligncenter size-full wp-image-2964\" src=\"https:\/\/themiracentralpark.com.vn\/wp-content\/uploads\/2019\/06\/DSQMY1.jpg\" alt=\"\" width=\"2048\" height=\"1150\" srcset=\"https:\/\/themiracentralpark.com.vn\/wp-content\/uploads\/2019\/06\/DSQMY1.jpg 2048w, https:\/\/themiracentralpark.com.vn\/wp-content\/uploads\/2019\/06\/DSQMY1-300x168.jpg 300w, https:\/\/themiracentralpark.com.vn\/wp-content\/uploads\/2019\/06\/DSQMY1-768x431.jpg 768w, https:\/\/themiracentralpark.com.vn\/wp-content\/uploads\/2019\/06\/DSQMY1-1024x575.jpg 1024w, https:\/\/themiracentralpark.com.vn\/wp-content\/uploads\/2019\/06\/DSQMY1-440x247.jpg 440w, https:\/\/themiracentralpark.com.vn\/wp-content\/uploads\/2019\/06\/DSQMY1-600x337.jpg 600w\" sizes=\"(max-width: 2048px) 100vw, 2048px\" \/><\/a><\/p><p style=\"text-align: center;\"><em>L\u1ec5 k\u00ed k\u1ebft \u0111\u00e3 \u0111\u01b0\u1ee3c di\u1ec5n ra th\u00e0nh c\u00f4ng<\/em><\/p><p>\u0110\u00e1nh gi\u00e1 v\u1ec1 c\u00f4ng t\u00e1c chu\u1ea9n b\u1ecb, \u0110\u1ea1i di\u1ec7n V\u0103n ph\u00f2ng 701 v\u00e0 USAID ghi nh\u1eadn s\u1ef1 chu\u1ea9n b\u1ecb chu \u0111\u00e1o, phong c\u00e1ch l\u00e0m vi\u1ec7c chuy\u00ean nghi\u1ec7p c\u1ee7a c\u00e1n b\u1ed9 ban l\u00e3nh \u0111\u1ea1o v\u00e0 nh\u00e2n vi\u00ean kh\u00e1ch s\u1ea1n The Mira Central Park. T\u1eeb vi\u1ec7c b\u1ed1 tr\u00ed, s\u1eafp x\u1ebfp ph\u00f2ng h\u1ecdp \u0111\u1ebfn c\u00f4ng t\u00e1c an ninh, h\u1eadu c\u1ea7n, \u1ea9m th\u1ef1c \u0111\u1ec1u \u0111\u01b0\u1ee3c kh\u00e1ch s\u1ea1n t\u1ed5 ch\u1ee9c t\u1ed1t v\u00e0 ph\u00f9 h\u1ee3p v\u1edbi kh\u1ea9u v\u1ecb c\u1ee7a hai ph\u00e1i \u0111o\u00e0n.<\/p><p><a href=\"https:\/\/themiracentralpark.com.vn\/wp-content\/uploads\/2019\/06\/DSQMY3.jpg\"><img loading=\"lazy\" class=\"aligncenter size-full wp-image-2977\" src=\"https:\/\/themiracentralpark.com.vn\/wp-content\/uploads\/2019\/06\/DSQMY3.jpg\" alt=\"\" width=\"2048\" height=\"1150\" srcset=\"https:\/\/themiracentralpark.com.vn\/wp-content\/uploads\/2019\/06\/DSQMY3.jpg 2048w, https:\/\/themiracentralpark.com.vn\/wp-content\/uploads\/2019\/06\/DSQMY3-300x168.jpg 300w, https:\/\/themiracentralpark.com.vn\/wp-content\/uploads\/2019\/06\/DSQMY3-768x431.jpg 768w, https:\/\/themiracentralpark.com.vn\/wp-content\/uploads\/2019\/06\/DSQMY3-1024x575.jpg 1024w, https:\/\/themiracentralpark.com.vn\/wp-content\/uploads\/2019\/06\/DSQMY3-440x247.jpg 440w, https:\/\/themiracentralpark.com.vn\/wp-content\/uploads\/2019\/06\/DSQMY3-600x337.jpg 600w\" sizes=\"(max-width: 2048px) 100vw, 2048px\" \/><\/a><\/p><p style=\"text-align: center;\"><em>S\u1ef1 chuy\u00ean nghi\u1ec7p trong c\u00f4ng t\u00e1c t\u1ed5 ch\u1ee9c c\u1ee7a kh\u00e1ch s\u1ea1n \u0111\u01b0\u1ee3c c\u00e1c \u0111\u1ea1i bi\u1ec3u \u0111\u00e1nh gi\u00e1 cao<\/em><\/p><p>C\u00f3 th\u1ec3 th\u1ea5y r\u1eb1ng, The Mira Central Park \u0111\u00e3 ng\u00e0y c\u00e0ng kh\u1eb3ng \u0111\u1ecbnh \u0111\u01b0\u1ee3c t\u00ean tu\u1ed5i v\u00e0 th\u01b0\u01a1ng hi\u1ec7u c\u1ee7a m\u00ecnh trong vi\u1ec7c \u0111\u1ea3m nh\u1eadn t\u1ed5 ch\u1ee9c c\u00e1c ch\u01b0\u01a1ng tr\u00ecnh s\u1ef1 ki\u1ec7n t\u1eeb c\u1ea5p Trung \u01b0\u01a1ng \u0111\u1ebfn \u0111\u1ecba ph\u01b0\u01a1ng.<\/p><\/div>\n\t\t\t\t<\/div>\n\t\t\t\t<\/div>\n\t\t\t\t\t\t<\/div>\n\t\t\t\t\t<\/div>\n\t\t<\/div>\n\t\t\t\t<div class=\"elementor-column elementor-col-50 elementor-inner-column elementor-element elementor-element-ea30929\" data-id=\"ea30929\" data-element_type=\"column\">\n\t\t\t<div class=\"elementor-column-wrap elementor-element-populated\">\n\t\t\t\t\t\t\t<div class=\"elementor-widget-wrap\">\n\t\t\t\t\t\t\t\t<\/div>\n\t\t\t\t\t<\/div>\n\t\t<\/div>\n\t\t\t\t\t\t\t\t<\/div>\n\t\t\t\t\t<\/div>\n\t\t<\/section>\n\t\t\t\t\t\t<\/div>\n\t\t\t\t\t\t<\/div>\n\t\t\t\t\t<\/div>","protected":false},"excerpt":{"rendered":"<p>TIN T\u1ee8C THE MIRA CENTRAL PARK T\u1ed4 CH\u1ee8C TH\u00c0NH C\u00d4NG L\u1ec4 K\u00dd B\u1ea2N GHI NH\u1eacN \u00dd \u0110\u1ecaNH GI\u1eeeA VI\u1ec6T NAM V\u00c0 HOA K\u1ef2 V\u1ec0 H\u1ed6 TR\u1ee2 NG\u01af\u1edcI KHUY\u1ebeT T\u1eacT VI\u1ec6T NAM T\u1ea0I C\u00c1C T\u1ec8NH \u01afU TI\u00caN Ng\u00e0y 20\/4, t\u1ea1i kh\u00e1ch [&hellip;]<\/p>","protected":false},"author":7,"featured_media":0,"parent":0,"menu_order":0,"comment_status":"closed","ping_status":"closed","template":"","meta":[],"_links":{"self":[{"href":"https:\/\/themiracentralpark.com.vn\/vi\/wp-json\/wp\/v2\/pages\/2965"}],"collection":[{"href":"https:\/\/themiracentralpark.com.vn\/vi\/wp-json\/wp\/v2\/pages"}],"about":[{"href":"https:\/\/themiracentralpark.com.vn\/vi\/wp-json\/wp\/v2\/types\/page"}],"author":[{"embeddable":true,"href":"https:\/\/themiracentralpark.com.vn\/vi\/wp-json\/wp\/v2\/users\/7"}],"replies":[{"embeddable":true,"href":"https:\/\/themiracentralpark.com.vn\/vi\/wp-json\/wp\/v2\/comments?post=2965"}],"version-history":[{"count":13,"href":"https:\/\/themiracentralpark.com.vn\/vi\/wp-json\/wp\/v2\/pages\/2965\/revisions"}],"predecessor-version":[{"id":3018,"href":"https:\/\/themiracentralpark.com.vn\/vi\/wp-json\/wp\/v2\/pages\/2965\/revisions\/3018"}],"wp:attachment":[{"href":"https:\/\/themiracentralpark.com.vn\/vi\/wp-json\/wp\/v2\/media?parent=2965"}],"curies":[{"name":"wp","href":"https:\/\/api.w.org\/{rel}","templated":true}]}}