{"id":2985,"date":"2019-06-14T04:04:26","date_gmt":"2019-06-14T04:04:26","guid":{"rendered":"https:\/\/themiracentralpark.com.vn\/?page_id=2985"},"modified":"2019-06-14T06:31:20","modified_gmt":"2019-06-14T06:31:20","slug":"hoi-nghi-tong-ket-thi-dua","status":"publish","type":"page","link":"https:\/\/themiracentralpark.com.vn\/vi\/hoi-nghi-tong-ket-thi-dua\/","title":{"rendered":"H\u1ed9i Ngh\u1ecb T\u1ed5ng K\u1ebft Thi \u0110ua"},"content":{"rendered":"<div data-elementor-type=\"wp-post\" data-elementor-id=\"2985\" class=\"elementor elementor-2985 elementor-bc-flex-widget\" data-elementor-settings=\"[]\">\n\t\t\t\t\t\t<div class=\"elementor-inner\">\n\t\t\t\t\t\t\t<div class=\"elementor-section-wrap\">\n\t\t\t\t\t\t\t<section class=\"elementor-section elementor-top-section elementor-element elementor-element-83a1eae elementor-section-stretched elementor-section-height-min-height elementor-section-boxed elementor-section-height-default elementor-section-items-middle\" data-id=\"83a1eae\" data-element_type=\"section\" data-settings=\"{&quot;stretch_section&quot;:&quot;section-stretched&quot;,&quot;background_background&quot;:&quot;classic&quot;}\">\n\t\t\t\t\t\t\t<div class=\"elementor-background-overlay\"><\/div>\n\t\t\t\t\t\t\t<div class=\"elementor-container elementor-column-gap-default\">\n\t\t\t\t\t\t\t<div class=\"elementor-row\">\n\t\t\t\t\t<div class=\"elementor-column elementor-col-100 elementor-top-column elementor-element elementor-element-ca8c866\" data-id=\"ca8c866\" data-element_type=\"column\">\n\t\t\t<div class=\"elementor-column-wrap elementor-element-populated\">\n\t\t\t\t\t\t\t<div class=\"elementor-widget-wrap\">\n\t\t\t\t\t\t<div class=\"elementor-element elementor-element-95fe6bb elementor-invisible elementor-widget elementor-widget-heading\" data-id=\"95fe6bb\" data-element_type=\"widget\" data-settings=\"{&quot;_animation&quot;:&quot;fadeInUp&quot;}\" data-widget_type=\"heading.default\">\n\t\t\t\t<div class=\"elementor-widget-container\">\n\t\t\t<h1 class=\"elementor-heading-title elementor-size-default\">TIN T\u1ee8C<\/h1>\t\t<\/div>\n\t\t\t\t<\/div>\n\t\t\t\t\t\t<\/div>\n\t\t\t\t\t<\/div>\n\t\t<\/div>\n\t\t\t\t\t\t\t\t<\/div>\n\t\t\t\t\t<\/div>\n\t\t<\/section>\n\t\t\t\t<section class=\"elementor-section elementor-inner-section elementor-element elementor-element-01863aa elementor-section-content-middle elementor-section-boxed elementor-section-height-default elementor-section-height-default\" data-id=\"01863aa\" data-element_type=\"section\">\n\t\t\t\t\t\t<div class=\"elementor-container elementor-column-gap-wider\">\n\t\t\t\t\t\t\t<div class=\"elementor-row\">\n\t\t\t\t\t<div class=\"elementor-column elementor-col-33 elementor-inner-column elementor-element elementor-element-38fa833\" data-id=\"38fa833\" data-element_type=\"column\">\n\t\t\t<div class=\"elementor-column-wrap elementor-element-populated\">\n\t\t\t\t\t\t\t<div class=\"elementor-widget-wrap\">\n\t\t\t\t\t\t<div class=\"elementor-element elementor-element-eb8dd1a elementor-invisible elementor-widget elementor-widget-heading\" data-id=\"eb8dd1a\" data-element_type=\"widget\" data-settings=\"{&quot;_animation&quot;:&quot;fadeInRight&quot;}\" data-widget_type=\"heading.default\">\n\t\t\t\t<div class=\"elementor-widget-container\">\n\t\t\t<h1 class=\"elementor-heading-title elementor-size-small\">THE MIRA CENTRAL PARK - \u0110\u1ecaA \u0110I\u1ec2M T\u1ed4 CH\u1ee8C H\u1ed8I NGH\u1eca T\u1ed4NG K\u1ebeT TH\u1ef0C HI\u1ec6N GIAO \u01af\u1edaC THI \u0110UA N\u0102M 2018 V\u00c0 K\u00dd K\u1ebeT GIAO \u01af\u1edaC THI \u0110UA N\u0102M 2019 C\u1ee4M THI \u0110UA C\u00c1C T\u1ec8NH \u0110\u00d4NG NAM B\u1ed8<\/h1>\t\t<\/div>\n\t\t\t\t<\/div>\n\t\t\t\t<div class=\"elementor-element elementor-element-a016f6e elementor-invisible elementor-widget elementor-widget-text-editor\" data-id=\"a016f6e\" data-element_type=\"widget\" data-settings=\"{&quot;_animation&quot;:&quot;fadeInRight&quot;,&quot;_animation_delay&quot;:400}\" data-widget_type=\"text-editor.default\">\n\t\t\t\t<div class=\"elementor-widget-container\">\n\t\t\t\t\t<div class=\"elementor-text-editor elementor-clearfix\"><p class=\"MsoNormal\" style=\"line-height: 150%;\"><strong><span style=\"font-size: 14pt; line-height: 150%; font-family: 'Times New Roman', serif; color: #000000;\">Ng\u00e0y 15\/3\/2019, H\u1ed9i ngh\u1ecb t\u1ed5ng k\u1ebft th\u1ef1c hi\u1ec7n giao \u01b0\u1edbc thi \u0111ua n\u0103m 2018 v\u00e0 k\u00fd k\u1ebft giao \u01b0\u1edbc thi \u0111ua n\u0103m 2019 c\u1ee5m thi \u0111ua c\u00e1c t\u1ec9nh \u0110\u00f4ng nam b\u1ed9 do t\u1ec9nh \u0110\u1ed3ng Nai t\u1ed5 ch\u1ee9c \u0111\u00e3 di\u1ec5n ra t\u1ea1i Kh\u00e1ch s\u1ea1n The Mira Central Park. \u00a0H\u1ed9i ngh\u1ecb \u0111\u00e3 vinh d\u1ef1 \u0111\u00f3n ti\u1ebfp b\u00e0 \u0110\u1eb7ng Th\u1ecb Ng\u1ecdc Th\u1ecbnh \u2013 Ph\u00f3 ch\u1ee7 t\u1ecbch n\u01b0\u1edbc c\u00f9ng nhi\u1ec1u c\u00e1n b\u1ed9 trung \u01b0\u01a1ng v\u00e0 l\u00e3nh \u0111\u1ea1o c\u00e1c t\u1ec9nh v\u00f9ng \u0110\u00f4ng nam b\u1ed9.<\/span><\/strong><\/p><p class=\"MsoNormal\" style=\"line-height: 150%;\"><span style=\"font-size: 14.0pt; line-height: 150%; font-family: 'Times New Roman','serif';\">Ngay sau khi c\u00f3 th\u00f4ng tin n\u00e0y, t\u1eadp th\u1ec3 l\u00e3nh \u0111\u1ea1o v\u00e0 nh\u00e2n vi\u00ean The Mira Central Park \u0111\u00e3 c\u00f3 nh\u1eefng chu\u1ea9n b\u1ecb chu \u0111\u00e1o \u0111\u1ec3 mang \u0111\u1ebfn s\u1ef1 th\u00e0nh c\u00f4ng cho h\u1ed9i ngh\u1ecb c\u0169ng nh\u01b0 s\u1ef1 h\u00e0i l\u00f2ng cho c\u00e1c \u0111\u1ea1i bi\u1ec3u.<\/span><\/p><p class=\"MsoNormal\" style=\"line-height: 150%;\"><span style=\"font-size: 14.0pt; line-height: 150%; font-family: 'Times New Roman','serif';\"><a href=\"https:\/\/themiracentralpark.com.vn\/wp-content\/uploads\/2019\/06\/DSC_7032.jpg\"><img loading=\"lazy\" class=\"aligncenter size-full wp-image-2991\" src=\"https:\/\/themiracentralpark.com.vn\/wp-content\/uploads\/2019\/06\/DSC_7032.jpg\" alt=\"\" width=\"2568\" height=\"1712\" srcset=\"https:\/\/themiracentralpark.com.vn\/wp-content\/uploads\/2019\/06\/DSC_7032.jpg 2568w, https:\/\/themiracentralpark.com.vn\/wp-content\/uploads\/2019\/06\/DSC_7032-300x200.jpg 300w, https:\/\/themiracentralpark.com.vn\/wp-content\/uploads\/2019\/06\/DSC_7032-768x512.jpg 768w, https:\/\/themiracentralpark.com.vn\/wp-content\/uploads\/2019\/06\/DSC_7032-1024x683.jpg 1024w, https:\/\/themiracentralpark.com.vn\/wp-content\/uploads\/2019\/06\/DSC_7032-700x466.jpg 700w, https:\/\/themiracentralpark.com.vn\/wp-content\/uploads\/2019\/06\/DSC_7032-440x293.jpg 440w, https:\/\/themiracentralpark.com.vn\/wp-content\/uploads\/2019\/06\/DSC_7032-600x400.jpg 600w\" sizes=\"(max-width: 2568px) 100vw, 2568px\" \/><\/a><\/span><\/p><p style=\"text-align: center;\"><em>H\u1ed9i ngh\u1ecb v\u1edbi s\u1ef1 c\u00f3 m\u1eb7t c\u1ee7a nhi\u1ec1u \u0111ai bi\u1ec3u v\u00e0 c\u01a1 quan b\u00e1o ch\u00ed<\/em><\/p><p style=\"text-align: center;\"><span style=\"font-family: 'Times New Roman', serif; font-size: 14pt; text-align: justify; letter-spacing: 0px;\">Trong ng\u00e0y di\u1ec5n ra h\u1ed9i ngh\u1ecb, \u0111o\u00e0n \u0111\u1ea1i bi\u1ec3u v\u1ec1 tham d\u1ef1 \u0111\u00e3 nh\u1eadn \u0111\u01b0\u1ee3c s\u1ef1 ph\u1ee5c v\u1ee5 v\u00e0 h\u1ed7 tr\u1ee3 nhi\u1ec7t t\u00ecnh t\u1eeb c\u00e1n b\u1ed9, nh\u00e2n vi\u00ean c\u1ee7a The Mira Central Park. \u0110i\u1ec1u n\u00e0y \u0111\u00e3 \u0111\u00f3ng g\u00f3p v\u00e0o s\u1ef1 th\u00e0nh c\u00f4ng chung c\u1ee7a h\u1ed9i ngh\u1ecb n\u0103m nay. Thay m\u1eb7t Ban thi \u0111ua y\u00eau n\u01b0\u1edbc t\u1ec9nh \u0110\u1ed3ng Nai, B\u00e0 Vy V\u0169 H\u1ed3ng Th\u1ea3o \u2013 Tr\u01b0\u1edfng ban thi \u0111ua khen th\u01b0\u1edfng t\u1ec9nh \u00a0\u0111\u00e3 g\u1eedi l\u1eb5ng hoa v\u00e0 th\u01b0 c\u1ea3m \u01a1n t\u1edbi to\u00e0n th\u1ec3 nh\u00e2n vi\u00ean The Mira Central Park.<\/span><\/p><p><a href=\"https:\/\/themiracentralpark.com.vn\/wp-content\/uploads\/2019\/06\/DSC_7028.jpg\"><img loading=\"lazy\" class=\"aligncenter size-full wp-image-2981\" src=\"https:\/\/themiracentralpark.com.vn\/wp-content\/uploads\/2019\/06\/DSC_7028.jpg\" alt=\"\" width=\"1568\" height=\"1045\" srcset=\"https:\/\/themiracentralpark.com.vn\/wp-content\/uploads\/2019\/06\/DSC_7028.jpg 1568w, https:\/\/themiracentralpark.com.vn\/wp-content\/uploads\/2019\/06\/DSC_7028-300x200.jpg 300w, https:\/\/themiracentralpark.com.vn\/wp-content\/uploads\/2019\/06\/DSC_7028-768x512.jpg 768w, https:\/\/themiracentralpark.com.vn\/wp-content\/uploads\/2019\/06\/DSC_7028-1024x682.jpg 1024w, https:\/\/themiracentralpark.com.vn\/wp-content\/uploads\/2019\/06\/DSC_7028-700x466.jpg 700w, https:\/\/themiracentralpark.com.vn\/wp-content\/uploads\/2019\/06\/DSC_7028-440x293.jpg 440w, https:\/\/themiracentralpark.com.vn\/wp-content\/uploads\/2019\/06\/DSC_7028-600x400.jpg 600w\" sizes=\"(max-width: 1568px) 100vw, 1568px\" \/><\/a><\/p><p style=\"text-align: center;\"><em>B\u00e0\u00a0Vy V\u0169 H\u1ed3ng Th\u1ea3o \u2013 Tr\u01b0\u1edfng ban thi \u0111ua khen th\u01b0\u1edfng t\u1ec9nh ph\u00e1t bi\u1ec3u t\u1ea1i h\u1ed9i ngh\u1ecb<\/em><\/p><p class=\"MsoNormal\" style=\"line-height: 150%;\"><span style=\"font-size: 14.0pt; line-height: 150%; font-family: 'Times New Roman','serif';\">\u0110\u00e1p l\u1ea1i s\u1ef1 tin t\u01b0\u1edfng n\u00e0y, l\u00e3nh \u0111\u1ea1o The Mira Central Park xin g\u1eedi l\u1eddi c\u1ea3m \u01a1n t\u1edbi \u1ee6y ban nh\u00e2n d\u00e2n t\u1ec9nh \u0110\u1ed3ng Nai, Ban thi \u0111ua y\u00eau n\u01b0\u1edbc t\u1ec9nh \u0111\u00e3 t\u1ea1o c\u01a1 h\u1ed9i cho kh\u00e1ch s\u1ea1n \u0111\u01b0\u1ee3c h\u00e2n h\u1ea1nh \u0111\u1ed3ng h\u00e0nh c\u00f9ng s\u1ef1 ki\u1ec7n. Ch\u00fang t\u00f4i hi v\u1ecdng trong th\u1eddi gian t\u1edbi, kh\u00e1ch s\u1ea1n s\u1ebd l\u00e0 \u0111i\u1ec3m \u0111\u1ebfn cho nhu c\u1ea7u l\u01b0u tr\u00fa v\u00e0 t\u1ed5 ch\u1ee9c h\u1ed9i ngh\u1ecb, s\u1ef1 ki\u1ec7n quan tr\u1ecdng c\u1ee7a c\u00e1c c\u01a1 quan, doanh nghi\u1ec7p t\u1ea1i t\u1ec9nh \u0110\u1ed3ng Nai.<\/span><\/p><p><a href=\"https:\/\/themiracentralpark.com.vn\/wp-content\/uploads\/2019\/06\/DSC_7011.jpg\"><img loading=\"lazy\" class=\"aligncenter size-full wp-image-2990\" src=\"https:\/\/themiracentralpark.com.vn\/wp-content\/uploads\/2019\/06\/DSC_7011.jpg\" alt=\"\" width=\"1568\" height=\"1045\" srcset=\"https:\/\/themiracentralpark.com.vn\/wp-content\/uploads\/2019\/06\/DSC_7011.jpg 1568w, https:\/\/themiracentralpark.com.vn\/wp-content\/uploads\/2019\/06\/DSC_7011-300x200.jpg 300w, https:\/\/themiracentralpark.com.vn\/wp-content\/uploads\/2019\/06\/DSC_7011-768x512.jpg 768w, https:\/\/themiracentralpark.com.vn\/wp-content\/uploads\/2019\/06\/DSC_7011-1024x682.jpg 1024w, https:\/\/themiracentralpark.com.vn\/wp-content\/uploads\/2019\/06\/DSC_7011-700x466.jpg 700w, https:\/\/themiracentralpark.com.vn\/wp-content\/uploads\/2019\/06\/DSC_7011-440x293.jpg 440w, https:\/\/themiracentralpark.com.vn\/wp-content\/uploads\/2019\/06\/DSC_7011-600x400.jpg 600w\" sizes=\"(max-width: 1568px) 100vw, 1568px\" \/><\/a><\/p><p style=\"text-align: center;\"><em>B\u00e0 \u0110\u1eb7ng Th\u1ecb Ng\u1ecdc Th\u1ecbnh t\u1eb7ng hoa cho ban t\u1ed5 ch\u1ee9c<\/em><\/p><p><span style=\"font-size: 14.0pt; line-height: 115%; font-family: 'Times New Roman','serif'; mso-fareast-font-family: Calibri; mso-fareast-theme-font: minor-latin; mso-ansi-language: EN-US; mso-fareast-language: EN-US; mso-bidi-language: AR-SA;\">V\u1edbi nh\u1eefng l\u1ee3i th\u1ebf s\u1eb5n c\u00f3 v\u1ec1 c\u01a1 s\u1edf v\u1eadt ch\u1ea5t, trang thi\u1ebft b\u1ecb hi\u1ec7n \u0111\u1ea1i c\u00f9ng \u0111\u1ed9i ng\u0169 qu\u1ea3n l\u00fd gi\u00e0u kinh nghi\u1ec7m v\u00e0 s\u1ef1 \u0111\u1ea7u t\u01b0 b\u1ec1n v\u1eefng, The Mira Central Park \u0111\u00e3 v\u00e0 \u0111ang t\u1eebng b\u01b0\u1edbc kh\u1eb3ng \u0111\u1ecbnh \u0111\u01b0\u1ee3c th\u01b0\u01a1ng hi\u1ec7u c\u1ee7a m\u00ecnh.<\/span><\/p><\/div>\n\t\t\t\t<\/div>\n\t\t\t\t<\/div>\n\t\t\t\t\t\t<\/div>\n\t\t\t\t\t<\/div>\n\t\t<\/div>\n\t\t\t\t<div class=\"elementor-column elementor-col-66 elementor-inner-column elementor-element elementor-element-19da8ca\" data-id=\"19da8ca\" data-element_type=\"column\">\n\t\t\t<div class=\"elementor-column-wrap elementor-element-populated\">\n\t\t\t\t\t\t\t<div class=\"elementor-widget-wrap\">\n\t\t\t\t\t\t\t\t<\/div>\n\t\t\t\t\t<\/div>\n\t\t<\/div>\n\t\t\t\t\t\t\t\t<\/div>\n\t\t\t\t\t<\/div>\n\t\t<\/section>\n\t\t\t\t\t\t<\/div>\n\t\t\t\t\t\t<\/div>\n\t\t\t\t\t<\/div>","protected":false},"excerpt":{"rendered":"<p>TIN T\u1ee8C THE MIRA CENTRAL PARK &#8211; \u0110\u1ecaA \u0110I\u1ec2M T\u1ed4 CH\u1ee8C H\u1ed8I NGH\u1eca T\u1ed4NG K\u1ebeT TH\u1ef0C HI\u1ec6N GIAO \u01af\u1edaC THI \u0110UA N\u0102M 2018 V\u00c0 K\u00dd K\u1ebeT GIAO \u01af\u1edaC THI \u0110UA N\u0102M 2019 C\u1ee4M THI \u0110UA C\u00c1C T\u1ec8NH \u0110\u00d4NG NAM B\u1ed8 [&hellip;]<\/p>","protected":false},"author":7,"featured_media":0,"parent":0,"menu_order":0,"comment_status":"closed","ping_status":"closed","template":"","meta":[],"_links":{"self":[{"href":"https:\/\/themiracentralpark.com.vn\/vi\/wp-json\/wp\/v2\/pages\/2985"}],"collection":[{"href":"https:\/\/themiracentralpark.com.vn\/vi\/wp-json\/wp\/v2\/pages"}],"about":[{"href":"https:\/\/themiracentralpark.com.vn\/vi\/wp-json\/wp\/v2\/types\/page"}],"author":[{"embeddable":true,"href":"https:\/\/themiracentralpark.com.vn\/vi\/wp-json\/wp\/v2\/users\/7"}],"replies":[{"embeddable":true,"href":"https:\/\/themiracentralpark.com.vn\/vi\/wp-json\/wp\/v2\/comments?post=2985"}],"version-history":[{"count":18,"href":"https:\/\/themiracentralpark.com.vn\/vi\/wp-json\/wp\/v2\/pages\/2985\/revisions"}],"predecessor-version":[{"id":3012,"href":"https:\/\/themiracentralpark.com.vn\/vi\/wp-json\/wp\/v2\/pages\/2985\/revisions\/3012"}],"wp:attachment":[{"href":"https:\/\/themiracentralpark.com.vn\/vi\/wp-json\/wp\/v2\/media?parent=2985"}],"curies":[{"name":"wp","href":"https:\/\/api.w.org\/{rel}","templated":true}]}}