{"id":3099,"date":"2019-08-05T03:43:33","date_gmt":"2019-08-05T03:43:33","guid":{"rendered":"https:\/\/themiracentralpark.com.vn\/?page_id=3099"},"modified":"2024-07-05T16:01:19","modified_gmt":"2024-07-05T09:01:19","slug":"weeding","status":"publish","type":"page","link":"https:\/\/themiracentralpark.com.vn\/vi\/meeting-and-event\/weeding\/","title":{"rendered":"WEEDING"},"content":{"rendered":"<div data-elementor-type=\"wp-post\" data-elementor-id=\"3099\" class=\"elementor elementor-3099\" data-elementor-settings=\"[]\">\n\t\t\t\t\t\t<div class=\"elementor-inner\">\n\t\t\t\t\t\t\t<div class=\"elementor-section-wrap\">\n\t\t\t\t\t\t\t<section class=\"elementor-section elementor-top-section elementor-element elementor-element-07e8006 elementor-section-boxed elementor-section-height-default elementor-section-height-default\" data-id=\"07e8006\" data-element_type=\"section\">\n\t\t\t\t\t\t<div class=\"elementor-container elementor-column-gap-default\">\n\t\t\t\t\t\t\t<div class=\"elementor-row\">\n\t\t\t\t\t<div class=\"elementor-column elementor-col-100 elementor-top-column elementor-element elementor-element-1be64a3\" data-id=\"1be64a3\" data-element_type=\"column\">\n\t\t\t<div class=\"elementor-column-wrap\">\n\t\t\t\t\t\t\t<div class=\"elementor-widget-wrap\">\n\t\t\t\t\t\t\t\t<\/div>\n\t\t\t\t\t<\/div>\n\t\t<\/div>\n\t\t\t\t\t\t\t\t<\/div>\n\t\t\t\t\t<\/div>\n\t\t<\/section>\n\t\t\t\t<section class=\"elementor-section elementor-top-section elementor-element elementor-element-a1e8224 elementor-section-boxed elementor-section-height-default elementor-section-height-default\" data-id=\"a1e8224\" data-element_type=\"section\">\n\t\t\t\t\t\t<div class=\"elementor-container elementor-column-gap-default\">\n\t\t\t\t\t\t\t<div class=\"elementor-row\">\n\t\t\t\t\t<div class=\"elementor-column elementor-col-100 elementor-top-column elementor-element elementor-element-6ed94c1\" data-id=\"6ed94c1\" data-element_type=\"column\">\n\t\t\t<div class=\"elementor-column-wrap elementor-element-populated\">\n\t\t\t\t\t\t\t<div class=\"elementor-widget-wrap\">\n\t\t\t\t\t\t<div class=\"elementor-element elementor-element-1fb40e0 elementor-widget elementor-widget-image\" data-id=\"1fb40e0\" data-element_type=\"widget\" data-widget_type=\"image.default\">\n\t\t\t\t<div class=\"elementor-widget-container\">\n\t\t\t\t\t<div class=\"elementor-image\">\n\t\t\t\t\t\t\t\t\t\t<img width=\"1024\" height=\"678\" src=\"https:\/\/themiracentralpark.com.vn\/wp-content\/uploads\/2019\/08\/62-1024x678.jpg\" class=\"attachment-large size-large\" alt=\"\" loading=\"lazy\" srcset=\"https:\/\/themiracentralpark.com.vn\/wp-content\/uploads\/2019\/08\/62-1024x678.jpg 1024w, https:\/\/themiracentralpark.com.vn\/wp-content\/uploads\/2019\/08\/62-300x199.jpg 300w, https:\/\/themiracentralpark.com.vn\/wp-content\/uploads\/2019\/08\/62-768x509.jpg 768w, https:\/\/themiracentralpark.com.vn\/wp-content\/uploads\/2019\/08\/62-440x291.jpg 440w, https:\/\/themiracentralpark.com.vn\/wp-content\/uploads\/2019\/08\/62-600x397.jpg 600w\" sizes=\"(max-width: 1024px) 100vw, 1024px\" \/>\t\t\t\t\t\t\t\t\t\t\t<\/div>\n\t\t\t\t<\/div>\n\t\t\t\t<\/div>\n\t\t\t\t<div class=\"elementor-element elementor-element-7073297 elementor-widget elementor-widget-text-editor\" data-id=\"7073297\" data-element_type=\"widget\" data-widget_type=\"text-editor.default\">\n\t\t\t\t<div class=\"elementor-widget-container\">\n\t\t\t\t\t<div class=\"elementor-text-editor elementor-clearfix\"><p><span style=\"font-family: 'times new roman', times, serif; font-size: 24pt; color: #000000;\"><strong>M\u00d9A H\u00c8 N\u00c0Y \u2013 LI\u00caN H\u1ec6 NGAY \u2013 \u01afU \u0110\u00c3I \u0110\u1ee6 \u0110\u1ea6Y \u2013 T\u1ed4 CH\u1ee8C C\u01af\u1edaI NGAY!<\/strong><\/span><\/p><\/div>\n\t\t\t\t<\/div>\n\t\t\t\t<\/div>\n\t\t\t\t\t\t<\/div>\n\t\t\t\t\t<\/div>\n\t\t<\/div>\n\t\t\t\t\t\t\t\t<\/div>\n\t\t\t\t\t<\/div>\n\t\t<\/section>\n\t\t\t\t<section class=\"elementor-section elementor-top-section elementor-element elementor-element-9b36037 elementor-section-boxed elementor-section-height-default elementor-section-height-default\" data-id=\"9b36037\" data-element_type=\"section\">\n\t\t\t\t\t\t<div class=\"elementor-container elementor-column-gap-default\">\n\t\t\t\t\t\t\t<div class=\"elementor-row\">\n\t\t\t\t\t<div class=\"elementor-column elementor-col-100 elementor-top-column elementor-element elementor-element-efa1e36\" data-id=\"efa1e36\" data-element_type=\"column\">\n\t\t\t<div class=\"elementor-column-wrap elementor-element-populated\">\n\t\t\t\t\t\t\t<div class=\"elementor-widget-wrap\">\n\t\t\t\t\t\t<div class=\"elementor-element elementor-element-ee3f553 elementor-widget elementor-widget-text-editor\" data-id=\"ee3f553\" data-element_type=\"widget\" data-widget_type=\"text-editor.default\">\n\t\t\t\t<div class=\"elementor-widget-container\">\n\t\t\t\t\t<div class=\"elementor-text-editor elementor-clearfix\"><\/div>\n\t\t\t\t<\/div>\n\t\t\t\t<\/div>\n\t\t\t\t\t\t<\/div>\n\t\t\t\t\t<\/div>\n\t\t<\/div>\n\t\t\t\t\t\t\t\t<\/div>\n\t\t\t\t\t<\/div>\n\t\t<\/section>\n\t\t\t\t<section class=\"elementor-section elementor-top-section elementor-element elementor-element-73fc4b9 elementor-section-boxed elementor-section-height-default elementor-section-height-default\" data-id=\"73fc4b9\" data-element_type=\"section\">\n\t\t\t\t\t\t<div class=\"elementor-container elementor-column-gap-default\">\n\t\t\t\t\t\t\t<div class=\"elementor-row\">\n\t\t\t\t\t<div class=\"elementor-column elementor-col-100 elementor-top-column elementor-element elementor-element-b3a4cf8\" data-id=\"b3a4cf8\" data-element_type=\"column\">\n\t\t\t<div class=\"elementor-column-wrap\">\n\t\t\t\t\t\t\t<div class=\"elementor-widget-wrap\">\n\t\t\t\t\t\t\t\t<\/div>\n\t\t\t\t\t<\/div>\n\t\t<\/div>\n\t\t\t\t\t\t\t\t<\/div>\n\t\t\t\t\t<\/div>\n\t\t<\/section>\n\t\t\t\t<section class=\"elementor-section elementor-top-section elementor-element elementor-element-4294557 elementor-section-boxed elementor-section-height-default elementor-section-height-default\" data-id=\"4294557\" data-element_type=\"section\">\n\t\t\t\t\t\t<div class=\"elementor-container elementor-column-gap-default\">\n\t\t\t\t\t\t\t<div class=\"elementor-row\">\n\t\t\t\t\t<div class=\"elementor-column elementor-col-100 elementor-top-column elementor-element elementor-element-2f4649e\" data-id=\"2f4649e\" data-element_type=\"column\">\n\t\t\t<div class=\"elementor-column-wrap elementor-element-populated\">\n\t\t\t\t\t\t\t<div class=\"elementor-widget-wrap\">\n\t\t\t\t\t\t<div class=\"elementor-element elementor-element-600ce41 elementor-widget elementor-widget-text-editor\" data-id=\"600ce41\" data-element_type=\"widget\" data-widget_type=\"text-editor.default\">\n\t\t\t\t<div class=\"elementor-widget-container\">\n\t\t\t\t\t<div class=\"elementor-text-editor elementor-clearfix\"><div class=\"kvgmc6g5 cxmmr5t8 oygrvhab hcukyx3x c1et5uql ii04i59q\"><div dir=\"auto\"><div dir=\"auto\"><p><span class=\"text\">C\u01b0\u1edbi xin l\u00e0 chuy\u1ec7n quan tr\u1ecdng c\u1ee7a c\u1ea3 \u0111\u1eddi ng\u01b0\u1eddi ai c\u0169ng mong mu\u1ed1n c\u00f3 \u0111\u01b0\u1ee3c s\u1ef1 chu\u1ea9n b\u1ecb th\u1eadt ch\u1ec9n chu, k\u0129 l\u01b0\u1ee1ng. Ai c\u0169ng h\u01b0\u1edbng t\u1edbi s\u1ef1 ho\u00e0n h\u1ea3o nh\u01b0ng c\u1ea7n ph\u1ea3i l\u00e0m nh\u1eefng g\u00ec, l\u1ef1a ch\u1ecdn \u0111\u1ecba \u0111i\u1ec3m t\u1ed5 ch\u1ee9c \u1edf \u0111\u00e2u, khi n\u00e0o? L\u00ean k\u1ebf ho\u1ea1ch cho ng\u00e0y ng\u00e0y c\u01b0\u1edbi c\u1ee7a m\u00ecnh ra sao, \u0111\u1eb7t ti\u1ec7c tr\u01b0\u1edbc bao nhi\u00eau l\u00e2u l\u00e0 h\u1ee3p l\u00ed nh\u1ea5t, ng\u00e2n s\u00e1ch t\u1ed5ng th\u1ec3 cho ti\u1ec7c c\u01b0\u1edbi ho\u1eb7c ch\u1ecdn th\u1ef1c \u0111\u01a1n th\u1ebf n\u00e0o cho h\u1ee3p kh\u1ea9u v\u1ecb,\u2026 <\/span><\/p><p><span class=\"text\">\u0110\u1ec3 ti\u1ec7c c\u01b0\u1edbi c\u1ee7a b\u1ea1n di\u1ec5n ra chu to\u00e0n v\u00e0 \u0111\u00e1ng nh\u1edb nh\u1ea5t, h\u00e3y v\u1ea1ch r\u00f5 cho m\u00ecnh k\u1ebf ho\u1ea1ch c\u01b0\u1edbi v\u00e0 \u0111\u1ed9i ng\u0169 nh\u00e2n vi\u00ean chuy\u00ean nghi\u1ec7p t\u1ea1i The Mira Central Park Hotel s\u1eb5n s\u00e0ng h\u1ed7 tr\u1ee3 theo y\u00eau c\u1ea7u \u0111\u1ec3 mang l\u1ea1i s\u1ef1 h\u00e0i l\u00f2ng tuy\u1ec7t \u0111\u1ed1i cho d\u00e2u r\u1ec3 v\u00e0 kh\u00e1ch m\u1eddi tham d\u1ef1. <\/span><\/p><p><span class=\"text\">\u260e\ufe0fLi\u00ean h\u1ec7 v\u1edbi ch\u00fang t\u00f4i \u0111\u1ec3 nh\u1eadn ngay \u01afU \u0110A\u0303I SI\u00caU KHU\u0309NG: <\/span><\/p><p><span class=\"text\">\u26a1C\u01a1 h\u1ed9i t\u1ed5 ch\u1ee9c ti\u1ec7c c\u01b0\u1edbi v\u1edbi gi\u00e1 si\u00eau \u01b0u \u0111\u00e3i ch\u1ec9 t\u1eeb 3.xxx\/b\u00e0n <\/span><\/p><p><span class=\"text\">\u26a1Ch\u01b0\u01a1ng tr\u00ecnh nghi th\u1ee9c l\u1ec5 \u1ea5n t\u01b0\u1ee3ng <\/span><\/p><p><span class=\"text\">\u26a1Kh\u00f4ng gian s\u1ea3nh ti\u1ec7c sang tr\u1ecdng v\u1edbi trang thi\u1ebft b\u1ecb hi\u1ec7n \u0111\u1ea1i <\/span><\/p><p><span class=\"text\">\u26a1\u0110\u01b0\u1ee3c ch\u0103m s\u00f3c chu \u0111\u00e1o, ri\u00eang bi\u1ec7t b\u1edfi \u0111\u1ed9i ng\u0169 nh\u00e2n vi\u00ean t\u1eadn t\u00e2m xuy\u00ean su\u1ed1t qu\u00e1 tr\u00ecnh chu\u1ea9n b\u1ecb v\u00e0 l\u1ec5 c\u01b0\u1edbi<\/span><\/p><\/div><div dir=\"auto\">&#8212;&#8212;&#8211;<\/div><div dir=\"auto\">\ud835\udc13\ud835\udc11\ud835\udc14\ud835\udc0d\ud835\udc06 \ud835\udc13\u00c2\ud835\udc0c \ud835\udc07\u1ed8\ud835\udc08 \ud835\udc0d\ud835\udc06\ud835\udc07\u1eca \ud835\udc13\ud835\udc08\u1ec6\ud835\udc02 \ud835\udc02\u01af\u1eda\ud835\udc08 \ud835\udc13\ud835\udc07\ud835\udc04 \ud835\udc0c\ud835\udc08\ud835\udc11\ud835\udc00 \ud835\udc02\ud835\udc04\ud835\udc0d\ud835\udc13\ud835\udc11\ud835\udc00\ud835\udc0b \ud835\udc0f\ud835\udc00\ud835\udc11\ud835\udc0a<\/div><div dir=\"auto\">\ud83c\udf0e: 1809 Nguy\u1ec5n \u00c1i Qu\u1ed1c, P. T\u00e2n Ti\u1ebfn, TP. Bi\u00ean H\u00f2a, T\u1ec9nh \u0110\u1ed3ng Nai<\/div><div dir=\"auto\">\ud83d\udcf1: 0915.34.4040 &#8211; 0915.72.4040\u00a0<\/div><div dir=\"auto\">\ud83d\udcde: 0251 887 0888<\/div><div dir=\"auto\">\u2709\ufe0f: sales@themiracentralpark.com.vn<\/div><div dir=\"auto\">\ud83c\udf10: www.themiracentralpark.com.vn<\/div><\/div><\/div><div class=\"o9v6fnle cxmmr5t8 oygrvhab hcukyx3x c1et5uql ii04i59q\">\u00a0<\/div><\/div>\n\t\t\t\t<\/div>\n\t\t\t\t<\/div>\n\t\t\t\t\t\t<\/div>\n\t\t\t\t\t<\/div>\n\t\t<\/div>\n\t\t\t\t\t\t\t\t<\/div>\n\t\t\t\t\t<\/div>\n\t\t<\/section>\n\t\t\t\t<section class=\"elementor-section elementor-top-section elementor-element elementor-element-715b355 elementor-section-boxed elementor-section-height-default elementor-section-height-default\" data-id=\"715b355\" data-element_type=\"section\">\n\t\t\t\t\t\t<div class=\"elementor-container elementor-column-gap-default\">\n\t\t\t\t\t\t\t<div class=\"elementor-row\">\n\t\t\t\t\t<div class=\"elementor-column elementor-col-100 elementor-top-column elementor-element elementor-element-2712aab\" data-id=\"2712aab\" data-element_type=\"column\">\n\t\t\t<div class=\"elementor-column-wrap elementor-element-populated\">\n\t\t\t\t\t\t\t<div class=\"elementor-widget-wrap\">\n\t\t\t\t\t\t<div class=\"elementor-element elementor-element-1602d7a elementor-widget elementor-widget-image\" data-id=\"1602d7a\" data-element_type=\"widget\" data-widget_type=\"image.default\">\n\t\t\t\t<div class=\"elementor-widget-container\">\n\t\t\t\t\t<div class=\"elementor-image\">\n\t\t\t\t\t\t\t\t\t\t<img width=\"768\" height=\"996\" src=\"https:\/\/themiracentralpark.com.vn\/wp-content\/uploads\/2024\/07\/edab81f017d0b58eecc1-768x996.jpg\" class=\"attachment-medium_large size-medium_large\" alt=\"\" loading=\"lazy\" srcset=\"https:\/\/themiracentralpark.com.vn\/wp-content\/uploads\/2024\/07\/edab81f017d0b58eecc1-768x996.jpg 768w, https:\/\/themiracentralpark.com.vn\/wp-content\/uploads\/2024\/07\/edab81f017d0b58eecc1-231x300.jpg 231w, https:\/\/themiracentralpark.com.vn\/wp-content\/uploads\/2024\/07\/edab81f017d0b58eecc1-789x1024.jpg 789w, https:\/\/themiracentralpark.com.vn\/wp-content\/uploads\/2024\/07\/edab81f017d0b58eecc1-1184x1536.jpg 1184w, https:\/\/themiracentralpark.com.vn\/wp-content\/uploads\/2024\/07\/edab81f017d0b58eecc1-1578x2048.jpg 1578w, https:\/\/themiracentralpark.com.vn\/wp-content\/uploads\/2024\/07\/edab81f017d0b58eecc1-440x571.jpg 440w, https:\/\/themiracentralpark.com.vn\/wp-content\/uploads\/2024\/07\/edab81f017d0b58eecc1.jpg 1973w\" sizes=\"(max-width: 768px) 100vw, 768px\" \/>\t\t\t\t\t\t\t\t\t\t\t<\/div>\n\t\t\t\t<\/div>\n\t\t\t\t<\/div>\n\t\t\t\t<div class=\"elementor-element elementor-element-82fb71a elementor-arrows-position-inside elementor-pagination-position-outside elementor-widget elementor-widget-image-carousel\" data-id=\"82fb71a\" data-element_type=\"widget\" data-settings=\"{&quot;navigation&quot;:&quot;both&quot;,&quot;autoplay&quot;:&quot;yes&quot;,&quot;pause_on_hover&quot;:&quot;yes&quot;,&quot;pause_on_interaction&quot;:&quot;yes&quot;,&quot;autoplay_speed&quot;:5000,&quot;infinite&quot;:&quot;yes&quot;,&quot;speed&quot;:500}\" data-widget_type=\"image-carousel.default\">\n\t\t\t\t<div class=\"elementor-widget-container\">\n\t\t\t\t\t<div class=\"elementor-image-carousel-wrapper swiper-container\" dir=\"ltr\">\n\t\t\t<div class=\"elementor-image-carousel swiper-wrapper\">\n\t\t\t\t<div class=\"swiper-slide\"><figure class=\"swiper-slide-inner\"><img class=\"swiper-slide-image\" src=\"https:\/\/themiracentralpark.com.vn\/wp-content\/uploads\/2019\/08\/MG_2185-660x913.jpg\" alt=\"_MG_2185\" \/><\/figure><\/div><div class=\"swiper-slide\"><figure class=\"swiper-slide-inner\"><img class=\"swiper-slide-image\" src=\"https:\/\/themiracentralpark.com.vn\/wp-content\/uploads\/2019\/08\/MG_2134-660x913.jpg\" alt=\"_MG_2134\" \/><\/figure><\/div><div class=\"swiper-slide\"><figure class=\"swiper-slide-inner\"><img class=\"swiper-slide-image\" src=\"https:\/\/themiracentralpark.com.vn\/wp-content\/uploads\/2019\/08\/MG_2142-660x913.jpg\" alt=\"_MG_2142\" \/><\/figure><\/div><div class=\"swiper-slide\"><figure class=\"swiper-slide-inner\"><img class=\"swiper-slide-image\" src=\"https:\/\/themiracentralpark.com.vn\/wp-content\/uploads\/2019\/08\/Untitled5-660x913.jpg\" alt=\"Untitled5\" \/><\/figure><\/div><div class=\"swiper-slide\"><figure class=\"swiper-slide-inner\"><img class=\"swiper-slide-image\" src=\"https:\/\/themiracentralpark.com.vn\/wp-content\/uploads\/2019\/08\/66-660x913.jpg\" alt=\"66\" \/><\/figure><\/div>\t\t\t<\/div>\n\t\t\t\t\t\t\t\t\t\t\t\t<div class=\"swiper-pagination\"><\/div>\n\t\t\t\t\t\t\t\t\t\t\t\t\t<div class=\"elementor-swiper-button elementor-swiper-button-prev\">\n\t\t\t\t\t\t<i class=\"eicon-chevron-left\" aria-hidden=\"true\"><\/i>\n\t\t\t\t\t\t<span class=\"elementor-screen-only\">Previous<\/span>\n\t\t\t\t\t<\/div>\n\t\t\t\t\t<div class=\"elementor-swiper-button elementor-swiper-button-next\">\n\t\t\t\t\t\t<i class=\"eicon-chevron-right\" aria-hidden=\"true\"><\/i>\n\t\t\t\t\t\t<span class=\"elementor-screen-only\">Next<\/span>\n\t\t\t\t\t<\/div>\n\t\t\t\t\t\t\t\t\t<\/div>\n\t\t\t\t<\/div>\n\t\t\t\t<\/div>\n\t\t\t\t\t\t<\/div>\n\t\t\t\t\t<\/div>\n\t\t<\/div>\n\t\t\t\t\t\t\t\t<\/div>\n\t\t\t\t\t<\/div>\n\t\t<\/section>\n\t\t\t\t\t\t<\/div>\n\t\t\t\t\t\t<\/div>\n\t\t\t\t\t<\/div>","protected":false},"excerpt":{"rendered":"<p>M\u00d9A H\u00c8 N\u00c0Y \u2013 LI\u00caN H\u1ec6 NGAY \u2013 \u01afU \u0110\u00c3I \u0110\u1ee6 \u0110\u1ea6Y \u2013 T\u1ed4 CH\u1ee8C C\u01af\u1edaI NGAY! C\u01b0\u1edbi xin l\u00e0 chuy\u1ec7n quan tr\u1ecdng c\u1ee7a c\u1ea3 \u0111\u1eddi ng\u01b0\u1eddi ai c\u0169ng mong mu\u1ed1n c\u00f3 \u0111\u01b0\u1ee3c s\u1ef1 chu\u1ea9n b\u1ecb th\u1eadt ch\u1ec9n chu, k\u0129 [&hellip;]<\/p>","protected":false},"author":7,"featured_media":0,"parent":210,"menu_order":3,"comment_status":"closed","ping_status":"closed","template":"elementor_header_footer","meta":[],"_links":{"self":[{"href":"https:\/\/themiracentralpark.com.vn\/vi\/wp-json\/wp\/v2\/pages\/3099"}],"collection":[{"href":"https:\/\/themiracentralpark.com.vn\/vi\/wp-json\/wp\/v2\/pages"}],"about":[{"href":"https:\/\/themiracentralpark.com.vn\/vi\/wp-json\/wp\/v2\/types\/page"}],"author":[{"embeddable":true,"href":"https:\/\/themiracentralpark.com.vn\/vi\/wp-json\/wp\/v2\/users\/7"}],"replies":[{"embeddable":true,"href":"https:\/\/themiracentralpark.com.vn\/vi\/wp-json\/wp\/v2\/comments?post=3099"}],"version-history":[{"count":28,"href":"https:\/\/themiracentralpark.com.vn\/vi\/wp-json\/wp\/v2\/pages\/3099\/revisions"}],"predecessor-version":[{"id":7599,"href":"https:\/\/themiracentralpark.com.vn\/vi\/wp-json\/wp\/v2\/pages\/3099\/revisions\/7599"}],"up":[{"embeddable":true,"href":"https:\/\/themiracentralpark.com.vn\/vi\/wp-json\/wp\/v2\/pages\/210"}],"wp:attachment":[{"href":"https:\/\/themiracentralpark.com.vn\/vi\/wp-json\/wp\/v2\/media?parent=3099"}],"curies":[{"name":"wp","href":"https:\/\/api.w.org\/{rel}","templated":true}]}}