{"id":423,"date":"2018-06-21T09:17:58","date_gmt":"2018-06-21T09:17:58","guid":{"rendered":"http:\/\/mira.websthatworks.com\/?page_id=423"},"modified":"2026-03-22T08:55:53","modified_gmt":"2026-03-22T01:55:53","slug":"rooms","status":"publish","type":"page","link":"https:\/\/themiracentralpark.com.vn\/vi\/rooms\/","title":{"rendered":"C\u00e1c lo\u1ea1i ph\u00f2ng"},"content":{"rendered":"<div data-elementor-type=\"wp-page\" data-elementor-id=\"423\" class=\"elementor elementor-423\" data-elementor-settings=\"[]\">\n\t\t\t\t\t\t<div class=\"elementor-inner\">\n\t\t\t\t\t\t\t<div class=\"elementor-section-wrap\">\n\t\t\t\t\t\t\t<section class=\"elementor-section elementor-top-section elementor-element elementor-element-1518061 elementor-section-stretched elementor-section-height-full elementor-section-boxed elementor-section-height-default elementor-section-items-middle\" data-id=\"1518061\" data-element_type=\"section\" data-settings=\"{&quot;stretch_section&quot;:&quot;section-stretched&quot;,&quot;background_background&quot;:&quot;classic&quot;}\">\n\t\t\t\t\t\t<div class=\"elementor-container elementor-column-gap-default\">\n\t\t\t\t\t\t\t<div class=\"elementor-row\">\n\t\t\t\t\t<div class=\"elementor-column elementor-col-100 elementor-top-column elementor-element elementor-element-4f19c23\" data-id=\"4f19c23\" data-element_type=\"column\">\n\t\t\t<div class=\"elementor-column-wrap elementor-element-populated\">\n\t\t\t\t\t\t\t<div class=\"elementor-widget-wrap\">\n\t\t\t\t\t\t<div class=\"elementor-element elementor-element-79bdb59 elementor-widget elementor-widget-heading\" data-id=\"79bdb59\" data-element_type=\"widget\" data-widget_type=\"heading.default\">\n\t\t\t\t<div class=\"elementor-widget-container\">\n\t\t\t<h1 class=\"elementor-heading-title elementor-size-xl\">Tr\u1ea3i Nghi\u1ec7m Kh\u00f4ng Gian L\u01b0u Tr\u00fa \u0110\u1eb3ng C\u1ea5p<\/h1>\t\t<\/div>\n\t\t\t\t<\/div>\n\t\t\t\t<div class=\"elementor-element elementor-element-637826d elementor-widget elementor-widget-heading\" data-id=\"637826d\" data-element_type=\"widget\" data-widget_type=\"heading.default\">\n\t\t\t\t<div class=\"elementor-widget-container\">\n\t\t\t<h5 class=\"elementor-heading-title elementor-size-medium\">H\u1ea1nh ph\u00fac trong t\u1ea7m tay<\/h5>\t\t<\/div>\n\t\t\t\t<\/div>\n\t\t\t\t\t\t<\/div>\n\t\t\t\t\t<\/div>\n\t\t<\/div>\n\t\t\t\t\t\t\t\t<\/div>\n\t\t\t\t\t<\/div>\n\t\t<\/section>\n\t\t\t\t<section class=\"elementor-section elementor-top-section elementor-element elementor-element-276d4f19 elementor-section-boxed elementor-section-height-default elementor-section-height-default\" data-id=\"276d4f19\" data-element_type=\"section\">\n\t\t\t\t\t\t<div class=\"elementor-container elementor-column-gap-default\">\n\t\t\t\t\t\t\t<div class=\"elementor-row\">\n\t\t\t\t\t<div class=\"elementor-column elementor-col-100 elementor-top-column elementor-element elementor-element-5eabf956\" data-id=\"5eabf956\" data-element_type=\"column\">\n\t\t\t<div class=\"elementor-column-wrap elementor-element-populated\">\n\t\t\t\t\t\t\t<div class=\"elementor-widget-wrap\">\n\t\t\t\t\t\t<div class=\"elementor-element elementor-element-ea939ce elementor-widget elementor-widget-heading\" data-id=\"ea939ce\" data-element_type=\"widget\" data-widget_type=\"heading.default\">\n\t\t\t\t<div class=\"elementor-widget-container\">\n\t\t\t<h2 class=\"elementor-heading-title elementor-size-large\">L\u1ef1a Ch\u1ecdn Ho\u00e0n H\u1ea3o Cho Nh\u1eefng Chuy\u1ebfn C\u00f4ng T\u00e1c & Ngh\u1ec9 D\u01b0\u1ee1ng<\/h2>\t\t<\/div>\n\t\t\t\t<\/div>\n\t\t\t\t<div class=\"elementor-element elementor-element-9600731 elementor-star-rating--align-center elementor--star-style-star_unicode elementor-widget elementor-widget-star-rating\" data-id=\"9600731\" data-element_type=\"widget\" data-widget_type=\"star-rating.default\">\n\t\t\t\t<div class=\"elementor-widget-container\">\n\t\t\t\n\t\t<div class=\"elementor-star-rating__wrapper\">\n\t\t\t\t\t\t<div class=\"elementor-star-rating\" title=\"5\/5\" itemtype=\"http:\/\/schema.org\/Rating\" itemscope=\"\" itemprop=\"reviewRating\"><i class=\"elementor-star-full\">&#9733;<\/i><i class=\"elementor-star-full\">&#9733;<\/i><i class=\"elementor-star-full\">&#9733;<\/i><i class=\"elementor-star-full\">&#9733;<\/i><i class=\"elementor-star-full\">&#9733;<\/i> <span itemprop=\"ratingValue\" class=\"elementor-screen-only\">5\/5<\/span><\/div>\t\t<\/div>\n\t\t\t\t<\/div>\n\t\t\t\t<\/div>\n\t\t\t\t<div class=\"elementor-element elementor-element-44c625d elementor-widget elementor-widget-text-editor\" data-id=\"44c625d\" data-element_type=\"widget\" data-widget_type=\"text-editor.default\">\n\t\t\t\t<div class=\"elementor-widget-container\">\n\t\t\t\t\t<div class=\"elementor-text-editor elementor-clearfix\"><p style=\"text-align: left;\">\u0110\u01b0\u1ee3c x\u00e2y d\u1ef1ng t\u1eeb 2018 <b>Kh\u00e1ch S\u1ea1n The Mira Central Park<\/b> comprises <b>196 luxury rooms<\/b> (34 m<sup>2<\/sup> to 371 m<sup>2<\/sup>) \u0111\u01b0\u1ee3c chia th\u00e0nh s\u00e1u lo\u1ea1i v\u1edbi . C\u00e1c ph\u00f2ng c\u00f3 nhi\u1ec1u h\u01b0\u1edbng nh\u00ecn kh\u00e1c nhau: th\u00e0nh ph\u1ed1, h\u1ed3 b\u01a1i, s\u00e2n v\u01b0\u1eddn, v.v. Ch\u00fang \u0111\u01b0\u1ee3c thi\u1ebft k\u1ebf theo phong c\u00e1ch \u0111\u01b0\u01a1ng \u0111\u1ea1i, t\u1ed1i \u0111a h\u00f3a kh\u00f4ng gian trang tr\u00ed. Ch\u00fang c\u0169ng c\u00f3 \u0111\u1ed3 n\u1ed9i th\u1ea5t hi\u1ec7n \u0111\u1ea1i v\u00e0 sang tr\u1ecdng, ch\u1eb3ng h\u1ea1n nh\u01b0 minibar, ph\u00f2ng x\u00f4ng h\u01a1i kh\u00f4, truy\u1ec1n h\u00ecnh c\u00e1p, h\u1ed3 b\u01a1i, trung t\u00e2m th\u1ec3 d\u1ee5c, spa,\u2026v.v.<\/p><\/div>\n\t\t\t\t<\/div>\n\t\t\t\t<\/div>\n\t\t\t\t\t\t<\/div>\n\t\t\t\t\t<\/div>\n\t\t<\/div>\n\t\t\t\t\t\t\t\t<\/div>\n\t\t\t\t\t<\/div>\n\t\t<\/section>\n\t\t\t\t<section class=\"elementor-section elementor-top-section elementor-element elementor-element-2a595bc elementor-section-boxed elementor-section-height-default elementor-section-height-default\" data-id=\"2a595bc\" data-element_type=\"section\">\n\t\t\t\t\t\t<div class=\"elementor-container elementor-column-gap-default\">\n\t\t\t\t\t\t\t<div class=\"elementor-row\">\n\t\t\t\t\t<div class=\"elementor-column elementor-col-100 elementor-top-column elementor-element elementor-element-81d0a91\" data-id=\"81d0a91\" data-element_type=\"column\">\n\t\t\t<div class=\"elementor-column-wrap elementor-element-populated\">\n\t\t\t\t\t\t\t<div class=\"elementor-widget-wrap\">\n\t\t\t\t\t\t<div class=\"elementor-element elementor-element-f813dca elementor-widget elementor-widget-image\" data-id=\"f813dca\" data-element_type=\"widget\" data-widget_type=\"image.default\">\n\t\t\t\t<div class=\"elementor-widget-container\">\n\t\t\t\t\t<div class=\"elementor-image\">\n\t\t\t\t\t\t\t\t\t\t<img width=\"1200\" height=\"831\" src=\"https:\/\/themiracentralpark.com.vn\/wp-content\/uploads\/2021\/11\/ServiceRoom.jpg\" class=\"attachment-full size-full\" alt=\"\" loading=\"lazy\" srcset=\"https:\/\/themiracentralpark.com.vn\/wp-content\/uploads\/2021\/11\/ServiceRoom.jpg 1200w, https:\/\/themiracentralpark.com.vn\/wp-content\/uploads\/2021\/11\/ServiceRoom-300x208.jpg 300w, https:\/\/themiracentralpark.com.vn\/wp-content\/uploads\/2021\/11\/ServiceRoom-1024x709.jpg 1024w, https:\/\/themiracentralpark.com.vn\/wp-content\/uploads\/2021\/11\/ServiceRoom-768x532.jpg 768w, https:\/\/themiracentralpark.com.vn\/wp-content\/uploads\/2021\/11\/ServiceRoom-440x305.jpg 440w, https:\/\/themiracentralpark.com.vn\/wp-content\/uploads\/2021\/11\/ServiceRoom-600x416.jpg 600w\" sizes=\"(max-width: 1200px) 100vw, 1200px\" \/>\t\t\t\t\t\t\t\t\t\t\t<\/div>\n\t\t\t\t<\/div>\n\t\t\t\t<\/div>\n\t\t\t\t\t\t<\/div>\n\t\t\t\t\t<\/div>\n\t\t<\/div>\n\t\t\t\t\t\t\t\t<\/div>\n\t\t\t\t\t<\/div>\n\t\t<\/section>\n\t\t\t\t<section class=\"elementor-section elementor-top-section elementor-element elementor-element-34ff2ea elementor-section-boxed elementor-section-height-default elementor-section-height-default\" data-id=\"34ff2ea\" data-element_type=\"section\">\n\t\t\t\t\t\t<div class=\"elementor-container elementor-column-gap-default\">\n\t\t\t\t\t\t\t<div class=\"elementor-row\">\n\t\t\t\t\t<div class=\"elementor-column elementor-col-100 elementor-top-column elementor-element elementor-element-12fe1ca\" data-id=\"12fe1ca\" data-element_type=\"column\">\n\t\t\t<div class=\"elementor-column-wrap elementor-element-populated\">\n\t\t\t\t\t\t\t<div class=\"elementor-widget-wrap\">\n\t\t\t\t\t\t<div class=\"elementor-element elementor-element-db02e3f elementor-widget elementor-widget-heading\" data-id=\"db02e3f\" data-element_type=\"widget\" data-widget_type=\"heading.default\">\n\t\t\t\t<div class=\"elementor-widget-container\">\n\t\t\t<h2 class=\"elementor-heading-title elementor-size-default\">Ph\u00f2ng \u1ede<\/h2>\t\t<\/div>\n\t\t\t\t<\/div>\n\t\t\t\t<div class=\"elementor-element elementor-element-20c343d elementor-widget elementor-widget-heading\" data-id=\"20c343d\" data-element_type=\"widget\" data-widget_type=\"heading.default\">\n\t\t\t\t<div class=\"elementor-widget-container\">\n\t\t\t<h5 class=\"elementor-heading-title elementor-size-default\">Kh\u00f4ng gian \u0111\u1eb3ng c\u1ea5p \u0111\u00edch th\u1ef1c<\/h5>\t\t<\/div>\n\t\t\t\t<\/div>\n\t\t\t\t\t\t<\/div>\n\t\t\t\t\t<\/div>\n\t\t<\/div>\n\t\t\t\t\t\t\t\t<\/div>\n\t\t\t\t\t<\/div>\n\t\t<\/section>\n\t\t\t\t<section class=\"elementor-section elementor-top-section elementor-element elementor-element-600bd57 elementor-section-content-middle elementor-section-boxed elementor-section-height-default elementor-section-height-default\" data-id=\"600bd57\" data-element_type=\"section\">\n\t\t\t\t\t\t<div class=\"elementor-container elementor-column-gap-default\">\n\t\t\t\t\t\t\t<div class=\"elementor-row\">\n\t\t\t\t\t<div class=\"elementor-column elementor-col-100 elementor-top-column elementor-element elementor-element-2994073\" data-id=\"2994073\" data-element_type=\"column\">\n\t\t\t<div class=\"elementor-column-wrap elementor-element-populated\">\n\t\t\t\t\t\t\t<div class=\"elementor-widget-wrap\">\n\t\t\t\t\t\t<div class=\"elementor-element elementor-element-f2f1007 elementor-invisible elementor-widget elementor-widget-hoteller-accommodation-types\" data-id=\"f2f1007\" data-element_type=\"widget\" data-settings=\"{&quot;_animation&quot;:&quot;none&quot;,&quot;_animation_delay&quot;:800}\" data-widget_type=\"hoteller-accommodation-types.default\">\n\t\t\t\t<div class=\"elementor-widget-container\">\n\t\t\t<div class=\"accommodation_type_content_wrapper layout_2\">\n\n<!-- Begin each accoomodation type post -->\n\t<div class=\"room_grid_wrapper one_third\">\n\t\t\t<div class=\"post_img_hover\">\n\t\t\t<img class=\"singleroom_other_image\" src=\"https:\/\/themiracentralpark.com.vn\/wp-content\/uploads\/2022\/11\/1Classic-700x466.jpg\" alt=\"\"\/>\n\t\t\t<a class=\"singleroom_other_image_link\" title=\"Classic Room\" href=\"https:\/\/themiracentralpark.com.vn\/vi\/accommodation\/classic-room\/\"><\/a>\n\t\t<\/div>\n\t\t<h3 class=\"room_grid_wrapper_header\"><a title=\"Classic Room\" href=\"https:\/\/themiracentralpark.com.vn\/vi\/accommodation\/classic-room\/\">Classic Room<\/a><\/h3>\n\t\t\n\t\t\t\t\t<div class=\"room_grid_content_wrapper themeborder\">\n\t\t\t\t\r\n\r\nExperience refined relaxation in the 30m\u00b2 Classic King room, featuring modern amenities. Warm color tones and ideal city\/pool views make it perfect...\t\t\t<\/div>\n\t\t\t\t<div class=\"room_grid2_action_wrapper\">\n\t\t\t<div class=\"child_one_half themeborder\">\n\t\t\t\t<div class=\"room_grid2_price_label\">From<\/div>\n\t\t\t\t<div class=\"room_grid2_price\"><span class=\"mphb-price\">1,500,000<span class=\"mphb-currency\">&#8363;<\/span><\/span> <span class=\"mphb-price-period\" title=\"Choose dates to see relevant prices\">per night<\/span><\/div>\n\t\t\t<\/div>\n\t\t\t\n\t\t\t<div class=\"room_grid2_view child_one_half last\">\n\t\t\t\t<a title=\"Classic Room\" href=\"https:\/\/themiracentralpark.com.vn\/vi\/accommodation\/classic-room\/\" class=\"room_grid2_view\">\n\t\t\t\t\tT\u00ecm hi\u1ec3u th\u00eam\t\t\t\t<\/a>\n\t\t\t<\/div>\n\t\t<\/div>\n\t<\/div>\n\n<!-- End each accoomodation type post -->\n<!-- Begin each accoomodation type post -->\n\t<div class=\"room_grid_wrapper one_third\">\n\t\t\t<div class=\"post_img_hover\">\n\t\t\t<img class=\"singleroom_other_image\" src=\"https:\/\/themiracentralpark.com.vn\/wp-content\/uploads\/2018\/02\/PK-6-700x466.jpg\" alt=\"\"\/>\n\t\t\t<a class=\"singleroom_other_image_link\" title=\"Premier Room\" href=\"https:\/\/themiracentralpark.com.vn\/vi\/accommodation\/premier-room\/\"><\/a>\n\t\t<\/div>\n\t\t<h3 class=\"room_grid_wrapper_header\"><a title=\"Premier Room\" href=\"https:\/\/themiracentralpark.com.vn\/vi\/accommodation\/premier-room\/\">Premier Room<\/a><\/h3>\n\t\t\n\t\t\t\t\t<div class=\"room_grid_content_wrapper themeborder\">\n\t\t\t\t\r\n\r\nUnwind in the 35m\u00b2 Premier Room, boasting elegant European design and city\/balcony views. Fully equipped with modern amenities, it's ideal for families,...\t\t\t<\/div>\n\t\t\t\t<div class=\"room_grid2_action_wrapper\">\n\t\t\t<div class=\"child_one_half themeborder\">\n\t\t\t\t<div class=\"room_grid2_price_label\">From<\/div>\n\t\t\t\t<div class=\"room_grid2_price\"><span class=\"mphb-price\">1,700,000<span class=\"mphb-currency\">&#8363;<\/span><\/span> <span class=\"mphb-price-period\" title=\"Choose dates to see relevant prices\">per night<\/span><\/div>\n\t\t\t<\/div>\n\t\t\t\n\t\t\t<div class=\"room_grid2_view child_one_half last\">\n\t\t\t\t<a title=\"Premier Room\" href=\"https:\/\/themiracentralpark.com.vn\/vi\/accommodation\/premier-room\/\" class=\"room_grid2_view\">\n\t\t\t\t\tT\u00ecm hi\u1ec3u th\u00eam\t\t\t\t<\/a>\n\t\t\t<\/div>\n\t\t<\/div>\n\t<\/div>\n\n<!-- End each accoomodation type post -->\n<!-- Begin each accoomodation type post -->\n\t<div class=\"room_grid_wrapper one_third\">\n\t\t\t<div class=\"post_img_hover\">\n\t\t\t<img class=\"singleroom_other_image\" src=\"https:\/\/themiracentralpark.com.vn\/wp-content\/uploads\/2022\/11\/1Deluxe-700x466.jpg\" alt=\"\"\/>\n\t\t\t<a class=\"singleroom_other_image_link\" title=\"Deluxe Room\" href=\"https:\/\/themiracentralpark.com.vn\/vi\/accommodation\/deluxe-room\/\"><\/a>\n\t\t<\/div>\n\t\t<h3 class=\"room_grid_wrapper_header\"><a title=\"Deluxe Room\" href=\"https:\/\/themiracentralpark.com.vn\/vi\/accommodation\/deluxe-room\/\">Deluxe Room<\/a><\/h3>\n\t\t\n\t\t\t\t\t<div class=\"room_grid_content_wrapper themeborder\">\n\t\t\t\tKh\u00f4ng gian n\u1ed9i th\u1ea5t \u0111\u01b0\u1ee3c thi\u1ebft k\u1ebf sang tr\u1ecdng \u0111i c\u00f9ng h\u1ec7 th\u1ed1ng trang thi\u1ebft b\u1ecb hi\u1ec7n \u0111\u1ea1i, ti\u1ec7n nghi; t\u1ea7m nh\u00ecn r\u1ed9ng m\u1edf bao qu\u00e1t to\u00e0n th\u00e0nh ph\u1ed1 hay khu\u00f4n vi\u00ean h\u1ed3 b\u01a1i, c\u00e2y xanh; th\u00edch h\u1ee3p cho c\u00e1c c\u1eb7p \u0111\u00f4i, gia \u0111\u00ecnh tr\u1ebb....\t\t\t<\/div>\n\t\t\t\t<div class=\"room_grid2_action_wrapper\">\n\t\t\t<div class=\"child_one_half themeborder\">\n\t\t\t\t<div class=\"room_grid2_price_label\">From<\/div>\n\t\t\t\t<div class=\"room_grid2_price\"><span class=\"mphb-price\">1,800,000<span class=\"mphb-currency\">&#8363;<\/span><\/span> <span class=\"mphb-price-period\" title=\"Choose dates to see relevant prices\">per night<\/span><\/div>\n\t\t\t<\/div>\n\t\t\t\n\t\t\t<div class=\"room_grid2_view child_one_half last\">\n\t\t\t\t<a title=\"Deluxe Room\" href=\"https:\/\/themiracentralpark.com.vn\/vi\/accommodation\/deluxe-room\/\" class=\"room_grid2_view\">\n\t\t\t\t\tT\u00ecm hi\u1ec3u th\u00eam\t\t\t\t<\/a>\n\t\t\t<\/div>\n\t\t<\/div>\n\t<\/div>\n\n<!-- End each accoomodation type post -->\n<!-- Begin each accoomodation type post -->\n\t<div class=\"room_grid_wrapper one_third\">\n\t\t\t<div class=\"post_img_hover\">\n\t\t\t<img class=\"singleroom_other_image\" src=\"https:\/\/themiracentralpark.com.vn\/wp-content\/uploads\/2018\/04\/z4782857162009_89bd73d3c5cd0f0bf1da6f79a5b02340-700x466.jpg\" alt=\"\"\/>\n\t\t\t<a class=\"singleroom_other_image_link\" title=\"Executive Room\" href=\"https:\/\/themiracentralpark.com.vn\/vi\/accommodation\/executive-room\/\"><\/a>\n\t\t<\/div>\n\t\t<h3 class=\"room_grid_wrapper_header\"><a title=\"Executive Room\" href=\"https:\/\/themiracentralpark.com.vn\/vi\/accommodation\/executive-room\/\">Executive Room<\/a><\/h3>\n\t\t\n\t\t\t\t\t<div class=\"room_grid_content_wrapper themeborder\">\n\t\t\t\tKh\u00f4ng gian n\u1ed9i th\u1ea5t \u0111\u01b0\u1ee3c thi\u1ebft k\u1ebf sang tr\u1ecdng \u0111i c\u00f9ng h\u1ec7 th\u1ed1ng trang thi\u1ebft b\u1ecb hi\u1ec7n \u0111\u1ea1i, ti\u1ec7n nghi; t\u1ea7m nh\u00ecn r\u1ed9ng m\u1edf bao qu\u00e1t to\u00e0n th\u00e0nh ph\u1ed1 hay khu\u00f4n vi\u00ean h\u1ed3 b\u01a1i, c\u00e2y xanh; th\u00edch h\u1ee3p cho c\u00e1c c\u1eb7p \u0111\u00f4i, gia \u0111\u00ecnh tr\u1ebb....\t\t\t<\/div>\n\t\t\t\t<div class=\"room_grid2_action_wrapper\">\n\t\t\t<div class=\"child_one_half themeborder\">\n\t\t\t\t<div class=\"room_grid2_price_label\">From<\/div>\n\t\t\t\t<div class=\"room_grid2_price\"><span class=\"mphb-price\">2,300,000<span class=\"mphb-currency\">&#8363;<\/span><\/span> <span class=\"mphb-price-period\" title=\"Choose dates to see relevant prices\">per night<\/span><\/div>\n\t\t\t<\/div>\n\t\t\t\n\t\t\t<div class=\"room_grid2_view child_one_half last\">\n\t\t\t\t<a title=\"Executive Room\" href=\"https:\/\/themiracentralpark.com.vn\/vi\/accommodation\/executive-room\/\" class=\"room_grid2_view\">\n\t\t\t\t\tT\u00ecm hi\u1ec3u th\u00eam\t\t\t\t<\/a>\n\t\t\t<\/div>\n\t\t<\/div>\n\t<\/div>\n\n<!-- End each accoomodation type post -->\n<!-- Begin each accoomodation type post -->\n\t<div class=\"room_grid_wrapper one_third\">\n\t\t\t<div class=\"post_img_hover\">\n\t\t\t<img class=\"singleroom_other_image\" src=\"https:\/\/themiracentralpark.com.vn\/wp-content\/uploads\/2018\/05\/1-700x466.jpg\" alt=\"\"\/>\n\t\t\t<a class=\"singleroom_other_image_link\" title=\"Residence Suite\" href=\"https:\/\/themiracentralpark.com.vn\/vi\/accommodation\/residence-suite\/\"><\/a>\n\t\t<\/div>\n\t\t<h3 class=\"room_grid_wrapper_header\"><a title=\"Residence Suite\" href=\"https:\/\/themiracentralpark.com.vn\/vi\/accommodation\/residence-suite\/\">Residence Suite<\/a><\/h3>\n\t\t\n\t\t\t\t\t<div class=\"room_grid_content_wrapper themeborder\">\n\t\t\t\t\r\n\r\nExperience elevated living in the 88m\u00b2 Residence Suite. This suite features separate living and sleeping areas, a dedicated pantry and warming area,...\t\t\t<\/div>\n\t\t\t\t<div class=\"room_grid2_action_wrapper\">\n\t\t\t<div class=\"child_one_half themeborder\">\n\t\t\t\t<div class=\"room_grid2_price_label\">From<\/div>\n\t\t\t\t<div class=\"room_grid2_price\"><span class=\"mphb-price\">2,500,000<span class=\"mphb-currency\">&#8363;<\/span><\/span> <span class=\"mphb-price-period\" title=\"Choose dates to see relevant prices\">per night<\/span><\/div>\n\t\t\t<\/div>\n\t\t\t\n\t\t\t<div class=\"room_grid2_view child_one_half last\">\n\t\t\t\t<a title=\"Residence Suite\" href=\"https:\/\/themiracentralpark.com.vn\/vi\/accommodation\/residence-suite\/\" class=\"room_grid2_view\">\n\t\t\t\t\tT\u00ecm hi\u1ec3u th\u00eam\t\t\t\t<\/a>\n\t\t\t<\/div>\n\t\t<\/div>\n\t<\/div>\n\n<!-- End each accoomodation type post -->\n<!-- Begin each accoomodation type post -->\n\t<div class=\"room_grid_wrapper one_third\">\n\t\t\t<div class=\"post_img_hover\">\n\t\t\t<img class=\"singleroom_other_image\" src=\"https:\/\/themiracentralpark.com.vn\/wp-content\/uploads\/2018\/06\/President-2100x1398px-700x466.jpg\" alt=\"\"\/>\n\t\t\t<a class=\"singleroom_other_image_link\" title=\"Presidential Suite\" href=\"https:\/\/themiracentralpark.com.vn\/vi\/accommodation\/presidential-suite\/\"><\/a>\n\t\t<\/div>\n\t\t<h3 class=\"room_grid_wrapper_header\"><a title=\"Presidential Suite\" href=\"https:\/\/themiracentralpark.com.vn\/vi\/accommodation\/presidential-suite\/\">Presidential Suite<\/a><\/h3>\n\t\t\n\t\t\t\t\t<div class=\"room_grid_content_wrapper themeborder\">\n\t\t\t\t\r\n\r\nDiscover the pinnacle of luxury in the Presidential Suite, our highest-tier room. Uniquely positioned on the top floor, it offers ultimate amenities...\t\t\t<\/div>\n\t\t\t\t<div class=\"room_grid2_action_wrapper\">\n\t\t\t<div class=\"child_one_half themeborder\">\n\t\t\t\t<div class=\"room_grid2_price_label\">From<\/div>\n\t\t\t\t<div class=\"room_grid2_price\"><span class=\"mphb-price\">30,000,000<span class=\"mphb-currency\">&#8363;<\/span><\/span> <span class=\"mphb-price-period\" title=\"Choose dates to see relevant prices\">per night<\/span><\/div>\n\t\t\t<\/div>\n\t\t\t\n\t\t\t<div class=\"room_grid2_view child_one_half last\">\n\t\t\t\t<a title=\"Presidential Suite\" href=\"https:\/\/themiracentralpark.com.vn\/vi\/accommodation\/presidential-suite\/\" class=\"room_grid2_view\">\n\t\t\t\t\tT\u00ecm hi\u1ec3u th\u00eam\t\t\t\t<\/a>\n\t\t\t<\/div>\n\t\t<\/div>\n\t<\/div>\n\n<!-- End each accoomodation type post --><\/div>\n<br class=\"clear\"\/>\t\t<\/div>\n\t\t\t\t<\/div>\n\t\t\t\t\t\t<\/div>\n\t\t\t\t\t<\/div>\n\t\t<\/div>\n\t\t\t\t\t\t\t\t<\/div>\n\t\t\t\t\t<\/div>\n\t\t<\/section>\n\t\t\t\t<section class=\"elementor-section elementor-top-section elementor-element elementor-element-cc0839e elementor-section-boxed elementor-section-height-default elementor-section-height-default\" data-id=\"cc0839e\" data-element_type=\"section\">\n\t\t\t\t\t\t<div class=\"elementor-container elementor-column-gap-default\">\n\t\t\t\t\t\t\t<div class=\"elementor-row\">\n\t\t\t\t\t<div class=\"elementor-column elementor-col-100 elementor-top-column elementor-element elementor-element-f77614c\" data-id=\"f77614c\" data-element_type=\"column\">\n\t\t\t<div class=\"elementor-column-wrap elementor-element-populated\">\n\t\t\t\t\t\t\t<div class=\"elementor-widget-wrap\">\n\t\t\t\t\t\t<div class=\"elementor-element elementor-element-e9738da elementor-widget elementor-widget-text-editor\" data-id=\"e9738da\" data-element_type=\"widget\" data-widget_type=\"text-editor.default\">\n\t\t\t\t<div class=\"elementor-widget-container\">\n\t\t\t\t\t<div class=\"elementor-text-editor elementor-clearfix\"><p><span style=\"color: #ff9900; font-family: 'times new roman', times, serif; font-size: 14pt; font-style: normal; font-weight: 400; letter-spacing: 0.2px; white-space-collapse: preserve;\"><strong> \u2740 Gi\u00e1 ph\u00f2ng tr\u00ean \u0111\u00e3 bao g\u1ed3m:<\/strong> <\/span><\/p><p><span style=\"color: #081c36; font-family: 'times new roman', times, serif; font-size: 14pt; font-style: normal; font-weight: 400; letter-spacing: 0.2px; white-space-collapse: preserve;\"> \u2013 Mi\u1ec5n ph\u00ed \u0103n s\u00e1ng t\u1ef1 ch\u1ecdn cho 2 ng\u01b0\u1eddi l\u1edbn v\u00e0 1 tr\u1ebb em (tr\u1ebb em d\u01b0\u1edbi 6 tu\u1ed5i) <\/span><\/p><p><span style=\"color: #081c36; font-family: 'times new roman', times, serif; font-size: 14pt; font-style: normal; font-weight: 400; letter-spacing: 0.2px; white-space-collapse: preserve;\"> \u2013 Gi\u1ea3m 20% t\u1ea1i nh\u00e0 h\u00e0ng Seashell v\u00e0 nh\u00e0 h\u00e0ng Chill BBQ Rooftop <\/span><\/p><p><span style=\"color: #081c36; font-family: 'times new roman', times, serif; font-size: 14pt; font-style: normal; font-weight: 400; letter-spacing: 0.2px; white-space-collapse: preserve;\"> _ Mi\u1ec5n ph\u00ed s\u1eed d\u1ee5ng ph\u00f2ng t\u1eadp th\u1ec3 h\u00ecnh v\u00e0 h\u1ed3 b\u01a1i cho kh\u00e1ch l\u01b0u tr\u00fa t\u1ea1i kh\u00e1ch s\u1ea1n <\/span><\/p><p><span style=\"color: #ff9900; font-family: 'times new roman', times, serif; font-size: 14pt; font-style: normal; font-weight: 400; letter-spacing: 0.2px; white-space-collapse: preserve;\"><strong> \u2740 Quy \u0111\u1ecbnh c\u1ee7a kh\u00e1ch s\u1ea1n:<\/strong> <\/span><\/p><p><span style=\"color: #081c36; font-family: 'times new roman', times, serif; font-size: 14pt; font-style: normal; font-weight: 400; letter-spacing: 0.2px; white-space-collapse: preserve;\"> \u2022 Gi\u1edd nh\u1eadn ph\u00f2ng t\u1eeb: 14:00; Gi\u1edd tr\u1ea3 ph\u00f2ng: 12:00 tr\u01b0a. <\/span><\/p><p><span style=\"color: #081c36; font-family: 'times new roman', times, serif; font-size: 14pt; font-style: normal; font-weight: 400; letter-spacing: 0.2px; white-space-collapse: preserve;\"> \u2022 Gi\u00e1 ph\u00f2ng \u00e1p d\u1ee5ng cho 2 ng\u01b0\u1eddi l\u1edbn v\u00e0 1 tr\u1ebb em d\u01b0\u1edbi 6 tu\u1ed5i. <\/span><\/p><p><span style=\"color: #081c36; font-family: 'times new roman', times, serif; font-size: 14pt; font-style: normal; font-weight: 400; letter-spacing: 0.2px; white-space-collapse: preserve;\"> \u2022 Nh\u1eadn ph\u00f2ng s\u1edbm: t\u1eeb 06:00 s\u00e1ng \u0111\u1ebfn 12:00 tr\u01b0a, qu\u00fd kh\u00e1ch s\u1ebd thanh to\u00e1n th\u00eam 50% ti\u1ec1n ph\u00f2ng (sau 08:00 s\u00e1ng ti\u1ec1n ph\u00f2ng kh\u00f4ng bao g\u1ed3m buffet); Nh\u1eadn ph\u00f2ng s\u1edbm tr\u01b0\u1edbc 06:00 s\u00e1ng, qu\u00fd kh\u00e1ch s\u1ebd thanh to\u00e1n th\u00eam 100% ti\u1ec1n ph\u00f2ng. \u00a0<\/span><\/p><p><span style=\"color: #081c36; font-family: 'times new roman', times, serif; font-size: 14pt; font-style: normal; font-weight: 400; letter-spacing: 0.2px; white-space-collapse: preserve;\"> \u2022 Tr\u1ea3 ph\u00f2ng tr\u1ec5: tr\u01b0\u1edbc 6:00 t\u1ed1i, qu\u00fd kh\u00e1ch s\u1ebd thanh to\u00e1n th\u00eam 50% ti\u1ec1n ph\u00f2ng. T\u1eeb sau 6:00 t\u1ed1i, qu\u00fd kh\u00e1ch s\u1ebd thanh to\u00e1n th\u00eam 100% ti\u1ec1n ph\u00f2ng.<\/span><\/p><\/div>\n\t\t\t\t<\/div>\n\t\t\t\t<\/div>\n\t\t\t\t\t\t<\/div>\n\t\t\t\t\t<\/div>\n\t\t<\/div>\n\t\t\t\t\t\t\t\t<\/div>\n\t\t\t\t\t<\/div>\n\t\t<\/section>\n\t\t\t\t\t\t<\/div>\n\t\t\t\t\t\t<\/div>\n\t\t\t\t\t<\/div>","protected":false},"excerpt":{"rendered":"<p>Experience High-grade Rooms Happiness within the reach Perfect choice for business trip and vacations \u2605\u2605\u2605\u2605\u2605 5\/5 Built in 2018, The Mira Central Park hotel comprises 196 luxury rooms (34 m2 to 371 m2) divided into six categories with . The [&hellip;]<\/p>","protected":false},"author":7,"featured_media":0,"parent":0,"menu_order":0,"comment_status":"closed","ping_status":"closed","template":"","meta":[],"_links":{"self":[{"href":"https:\/\/themiracentralpark.com.vn\/vi\/wp-json\/wp\/v2\/pages\/423"}],"collection":[{"href":"https:\/\/themiracentralpark.com.vn\/vi\/wp-json\/wp\/v2\/pages"}],"about":[{"href":"https:\/\/themiracentralpark.com.vn\/vi\/wp-json\/wp\/v2\/types\/page"}],"author":[{"embeddable":true,"href":"https:\/\/themiracentralpark.com.vn\/vi\/wp-json\/wp\/v2\/users\/7"}],"replies":[{"embeddable":true,"href":"https:\/\/themiracentralpark.com.vn\/vi\/wp-json\/wp\/v2\/comments?post=423"}],"version-history":[{"count":82,"href":"https:\/\/themiracentralpark.com.vn\/vi\/wp-json\/wp\/v2\/pages\/423\/revisions"}],"predecessor-version":[{"id":9457,"href":"https:\/\/themiracentralpark.com.vn\/vi\/wp-json\/wp\/v2\/pages\/423\/revisions\/9457"}],"wp:attachment":[{"href":"https:\/\/themiracentralpark.com.vn\/vi\/wp-json\/wp\/v2\/media?parent=423"}],"curies":[{"name":"wp","href":"https:\/\/api.w.org\/{rel}","templated":true}]}}