{"id":770,"date":"2018-06-26T05:53:11","date_gmt":"2018-06-26T05:53:11","guid":{"rendered":"http:\/\/mira.websthatworks.com\/?page_id=770"},"modified":"2025-03-19T10:23:31","modified_gmt":"2025-03-19T03:23:31","slug":"terms-and-conditions","status":"publish","type":"page","link":"https:\/\/themiracentralpark.com.vn\/vi\/terms-and-conditions\/","title":{"rendered":"\u0110i\u1ec1u Kho\u1ea3n & \u0110i\u1ec1u Ki\u1ec7n"},"content":{"rendered":"<div data-elementor-type=\"wp-post\" data-elementor-id=\"770\" class=\"elementor elementor-770\" data-elementor-settings=\"[]\">\n\t\t\t\t\t\t<div class=\"elementor-inner\">\n\t\t\t\t\t\t\t<div class=\"elementor-section-wrap\">\n\t\t\t\t\t\t\t<section class=\"elementor-section elementor-top-section elementor-element elementor-element-b9b2d6f elementor-section-boxed elementor-section-height-default elementor-section-height-default\" data-id=\"b9b2d6f\" data-element_type=\"section\">\n\t\t\t\t\t\t<div class=\"elementor-container elementor-column-gap-default\">\n\t\t\t\t\t\t\t<div class=\"elementor-row\">\n\t\t\t\t\t<div class=\"elementor-column elementor-col-100 elementor-top-column elementor-element elementor-element-559ab3b\" data-id=\"559ab3b\" data-element_type=\"column\">\n\t\t\t<div class=\"elementor-column-wrap elementor-element-populated\">\n\t\t\t\t\t\t\t<div class=\"elementor-widget-wrap\">\n\t\t\t\t\t\t<div class=\"elementor-element elementor-element-af5a57e elementor-widget elementor-widget-heading\" data-id=\"af5a57e\" data-element_type=\"widget\" data-widget_type=\"heading.default\">\n\t\t\t\t<div class=\"elementor-widget-container\">\n\t\t\t<h3 class=\"elementor-heading-title elementor-size-default\">\u0110\u1eb7t ph\u00f2ng<\/h3>\t\t<\/div>\n\t\t\t\t<\/div>\n\t\t\t\t<div class=\"elementor-element elementor-element-58f1580 elementor-widget elementor-widget-accordion\" data-id=\"58f1580\" data-element_type=\"widget\" data-widget_type=\"accordion.default\">\n\t\t\t\t<div class=\"elementor-widget-container\">\n\t\t\t\t\t<div class=\"elementor-accordion\" role=\"tablist\">\n\t\t\t\t\t\t\t<div class=\"elementor-accordion-item\">\n\t\t\t\t\t<div id=\"elementor-tab-title-9321\" class=\"elementor-tab-title\" data-tab=\"1\" role=\"tab\" aria-controls=\"elementor-tab-content-9321\">\n\t\t\t\t\t\t\t\t\t\t\t\t\t<span class=\"elementor-accordion-icon elementor-accordion-icon-left\" aria-hidden=\"true\">\n\t\t\t\t\t\t\t\t\t\t\t\t\t\t\t<span class=\"elementor-accordion-icon-closed\"><i class=\"far fa-plus-square\"><\/i><\/span>\n\t\t\t\t\t\t\t\t<span class=\"elementor-accordion-icon-opened\"><i class=\"far fa-minus-square\"><\/i><\/span>\n\t\t\t\t\t\t\t\t\t\t\t\t\t\t<\/span>\n\t\t\t\t\t\t\t\t\t\t\t\t<a class=\"elementor-accordion-title\" href=\"\">Ch\u00ednh S\u00e1ch Kh\u00e1ch S\u1ea1n<\/a>\n\t\t\t\t\t<\/div>\n\t\t\t\t\t<div id=\"elementor-tab-content-9321\" class=\"elementor-tab-content elementor-clearfix\" data-tab=\"1\" role=\"tabpanel\" aria-labelledby=\"elementor-tab-title-9321\"><p class=\"MsoNormal\" style=\"text-align: justify; line-height: normal; mso-pagination: none; mso-layout-grid-align: none; text-autospace: none; margin: 3.0pt 0in 3.0pt 0in;\"><span style=\"font-family: arial, helvetica, sans-serif;\"><span lang=\"VI\" style=\"color: black;\">Gi\u00e1 ph\u00f2ng \u00e1p d\u1ee5ng cho 2 ng\u01b0\u1eddi l\u1edbn v\u00e0 1 tr\u1ebb em d\u01b0\u1edbi <\/span><span style=\"color: black;\">6 tu\u1ed5i<\/span><span lang=\"VI\" style=\"color: black;\">.<\/span><\/span><\/p>\n<p class=\"MsoNormal\" style=\"text-align: justify; line-height: normal; mso-pagination: none; mso-layout-grid-align: none; text-autospace: none; margin: 3.0pt 0in 3.0pt 0in;\"><span style=\"font-family: arial, helvetica, sans-serif;\"><span style=\"color: black;\">Children aged 6 years old&nbsp; o<\/span><span lang=\"VI\" style=\"color: black;\">tr\u1edf l\u00ean<\/span><span style=\"color: black;\"> s\u1ebd \u0111\u01b0\u1ee3c t\u00ednh gi\u00e1<\/span><span lang=\"VI\" style=\"color: black;\"> nh\u01b0<\/span> <span lang=\"VI\" style=\"color: black;\">ng\u01b0\u1eddi l\u1edbn ph\u00e1t sinh.<\/span><span style=\"color: black;\">.<\/span><\/span><\/p>\n<p class=\"MsoNormal\" style=\"text-align: justify; line-height: normal; mso-pagination: none; mso-layout-grid-align: none; text-autospace: none; margin: 3.0pt 0in 3.0pt 0in;\"><span style=\"font-family: arial, helvetica, sans-serif;\"><span style=\"color: black;\">Ph\u1ee5 thu th\u00eam ng\u01b0\u1eddi: 700,000 VND<\/span><span lang=\"VI\" style=\"color: black;\">\/ Ng\u01b0\u1eddi\/ \u0110\u00eam<\/span><span style=\"color: black;\">:  Ph\u1ee5 thu gi\u01b0\u1eddng ph\u1ee5 1,00<\/span><span style=\"color: black;\">0,000 \u0110\u1ed3ng<\/span><span lang=\"VI\" style=\"color: black;\">\/ Ng\u01b0\u1eddi\/ \u0110\u00eam<\/span><span style=\"color: black;\"> ( \u0111\u00e3 bao g\u1ed3<\/span><span lang=\"VI\" style=\"color: black;\">m<\/span> <span lang=\"VI\" style=\"color: black;\">Thu\u1ebf <\/span><span style=\"color: black;\">v\u00e0 \u0103n s\u00e1ng t\u1ef1 ch\u1ecdn)<\/span><span lang=\"VI\" style=\"color: black;\"> T\u1ed1i \u0111a 3 ng\u01b0\u1eddi v\u00e0 th\u00eam 1 gi\u01b0\u1eddng ph\u1ee5 cho 1 ph\u00f2ng.<\/span><\/span><\/p>\n<p class=\"MsoNormal\" style=\"text-align: justify; line-height: normal; mso-pagination: none; mso-layout-grid-align: none; text-autospace: none; margin: 3.0pt 0in 3.0pt 0in;\"><span style=\"font-family: arial, helvetica, sans-serif;\"><span style=\"color: black;\">Gi\u1edd nh\u1eadn Ph\u00f2ng l\u00e0 14:00 gi\u1edd v\u00e0 tr\u1ea3 ph\u00f2ng l\u00e0 12:00 gi\u1edd tr\u01b0a<br><\/span><\/span><\/p>\n<p class=\"MsoNormal\" style=\"text-align: justify; line-height: normal; mso-pagination: none; mso-layout-grid-align: none; text-autospace: none; margin: 3.0pt 0in 3.0pt 0in;\"><span style=\"font-family: arial, helvetica, sans-serif;\"><span style=\"color: black;\"><b>Early check-in<\/b>:<\/span><span style=\"color: black;\"> Half price charge is applied for early check-in from 06:00 am to 1<\/span><span lang=\"VI\" style=\"color: black;\">1<\/span><span style=\"color: black;\">:00 am (after 08:00 am, buffet breakfast is not included); full charge is applied before 06:00 am.<\/span><\/span><\/p>\n<div style=\"text-align: justify;\"><span style=\"font-family: arial, helvetica, sans-serif;\"><b style=\"font-style: inherit; letter-spacing: 0px; color: #222222; text-align: left;\"><span style=\"color: black;\">Tr\u1ea3 ph\u00f2ng tr\u1ec5<\/span><\/b><span style=\"color: black;\"> Half price charge is applied for late check-out until 6:00 pm; full charge is applied after 6:00 pm<\/span><\/span><\/div><\/div>\n\t\t\t\t<\/div>\n\t\t\t\t\t\t\t<div class=\"elementor-accordion-item\">\n\t\t\t\t\t<div id=\"elementor-tab-title-9322\" class=\"elementor-tab-title\" data-tab=\"2\" role=\"tab\" aria-controls=\"elementor-tab-content-9322\">\n\t\t\t\t\t\t\t\t\t\t\t\t\t<span class=\"elementor-accordion-icon elementor-accordion-icon-left\" aria-hidden=\"true\">\n\t\t\t\t\t\t\t\t\t\t\t\t\t\t\t<span class=\"elementor-accordion-icon-closed\"><i class=\"far fa-plus-square\"><\/i><\/span>\n\t\t\t\t\t\t\t\t<span class=\"elementor-accordion-icon-opened\"><i class=\"far fa-minus-square\"><\/i><\/span>\n\t\t\t\t\t\t\t\t\t\t\t\t\t\t<\/span>\n\t\t\t\t\t\t\t\t\t\t\t\t<a class=\"elementor-accordion-title\" href=\"\">Guarantee and Cancellation policy:<\/a>\n\t\t\t\t\t<\/div>\n\t\t\t\t\t<div id=\"elementor-tab-content-9322\" class=\"elementor-tab-content elementor-clearfix\" data-tab=\"2\" role=\"tabpanel\" aria-labelledby=\"elementor-tab-title-9322\"><p style=\"text-align: justify; margin: 3.0pt 0in 3.0pt 0in;\"><span style=\"font-family: arial, helvetica, sans-serif;\"><span style=\"color: black;\"><b>Guarantee policy:\u00a0<\/b><\/span><span style=\"font-weight: inherit; letter-spacing: 0px;\"><span style=\"color: black;\">Non-guaranteed reservation would be held until 18:00 local time on the day of arrival.<\/span><\/span><span style=\"font-weight: inherit; letter-spacing: 0px;\"><span style=\"color: black;\">To guarantee the reservation, please provide your credit card details (type, cardholder, number, and expiration date and security code) or have this confirmation letter signed with your Company\u2019s authorized signature and Company stamp or deposit.<\/span><\/span><span style=\"font-weight: inherit; letter-spacing: 0px;\"><span lang=\"VI\" style=\"color: black;\"> Deposit will not be refunded.<\/span><\/span><\/span><\/p><p style=\"text-align: justify; margin: 3.0pt 0in 3.0pt 0in;\"><span style=\"font-family: arial, helvetica, sans-serif;\"><b><span style=\"color: black;\">Cancellation policy:<\/span><\/b><span style=\"color: black;\"> Within 7 days prior to your arrival date and no-show booking, 100% charge will be applied on your booking.<\/span><i> <\/i><\/span><\/p><\/div>\n\t\t\t\t<\/div>\n\t\t\t\t\t<\/div>\n\t\t\t\t<\/div>\n\t\t\t\t<\/div>\n\t\t\t\t\t\t<\/div>\n\t\t\t\t\t<\/div>\n\t\t<\/div>\n\t\t\t\t\t\t\t\t<\/div>\n\t\t\t\t\t<\/div>\n\t\t<\/section>\n\t\t\t\t<section class=\"elementor-section elementor-top-section elementor-element elementor-element-c8d681f elementor-section-boxed elementor-section-height-default elementor-section-height-default\" data-id=\"c8d681f\" data-element_type=\"section\">\n\t\t\t\t\t\t<div class=\"elementor-container elementor-column-gap-default\">\n\t\t\t\t\t\t\t<div class=\"elementor-row\">\n\t\t\t\t\t<div class=\"elementor-column elementor-col-100 elementor-top-column elementor-element elementor-element-03a5609\" data-id=\"03a5609\" data-element_type=\"column\">\n\t\t\t<div class=\"elementor-column-wrap elementor-element-populated\">\n\t\t\t\t\t\t\t<div class=\"elementor-widget-wrap\">\n\t\t\t\t\t\t<div class=\"elementor-element elementor-element-a60f3ed elementor-widget elementor-widget-spacer\" data-id=\"a60f3ed\" data-element_type=\"widget\" data-widget_type=\"spacer.default\">\n\t\t\t\t<div class=\"elementor-widget-container\">\n\t\t\t\t\t<div class=\"elementor-spacer\">\n\t\t\t<div class=\"elementor-spacer-inner\"><\/div>\n\t\t<\/div>\n\t\t\t\t<\/div>\n\t\t\t\t<\/div>\n\t\t\t\t<div class=\"elementor-element elementor-element-1a8b0ed elementor-widget elementor-widget-heading\" data-id=\"1a8b0ed\" data-element_type=\"widget\" data-widget_type=\"heading.default\">\n\t\t\t\t<div class=\"elementor-widget-container\">\n\t\t\t<h3 class=\"elementor-heading-title elementor-size-default\">Payment<\/h3>\t\t<\/div>\n\t\t\t\t<\/div>\n\t\t\t\t<div class=\"elementor-element elementor-element-625b11b elementor-widget elementor-widget-accordion\" data-id=\"625b11b\" data-element_type=\"widget\" data-widget_type=\"accordion.default\">\n\t\t\t\t<div class=\"elementor-widget-container\">\n\t\t\t\t\t<div class=\"elementor-accordion\" role=\"tablist\">\n\t\t\t\t\t\t\t<div class=\"elementor-accordion-item\">\n\t\t\t\t\t<div id=\"elementor-tab-title-1031\" class=\"elementor-tab-title\" data-tab=\"1\" role=\"tab\" aria-controls=\"elementor-tab-content-1031\">\n\t\t\t\t\t\t\t\t\t\t\t\t\t<span class=\"elementor-accordion-icon elementor-accordion-icon-left\" aria-hidden=\"true\">\n\t\t\t\t\t\t\t\t\t\t\t\t\t\t\t<span class=\"elementor-accordion-icon-closed\"><i class=\"far fa-plus-square\"><\/i><\/span>\n\t\t\t\t\t\t\t\t<span class=\"elementor-accordion-icon-opened\"><i class=\"far fa-minus-square\"><\/i><\/span>\n\t\t\t\t\t\t\t\t\t\t\t\t\t\t<\/span>\n\t\t\t\t\t\t\t\t\t\t\t\t<a class=\"elementor-accordion-title\" href=\"\">Payment Of Charge For Use<\/a>\n\t\t\t\t\t<\/div>\n\t\t\t\t\t<div id=\"elementor-tab-content-1031\" class=\"elementor-tab-content elementor-clearfix\" data-tab=\"1\" role=\"tabpanel\" aria-labelledby=\"elementor-tab-title-1031\"><p><span style=\"font-family: arial, helvetica, sans-serif;\"><i>1. The Guest shall pay the charges for use (meaning the actual amount the Guest must pay, including room costs and charges for using the facilities and services, among others; hereinafter shall mean the same) upon check-out.<\/i><\/span><\/p><p><span style=\"font-family: arial, helvetica, sans-serif;\">2. This Hotel may, even before check-out, request payment of charges for use to long-term Guests, in accordance with conditions set forth in separate special agreements or when reasonably necessary, and the Guest shall pay the charges for use at the request of this Hotel.<\/span><\/p><p><span style=\"font-family: arial, helvetica, sans-serif;\">3. Acceptable payment methods include cash, credit cards,\u00a0<span style=\"font-size: 15px; font-style: normal; font-weight: 400;\">Kh\u00e1ch s\u1ea1n The Mira Central Park<\/span>\u00a0gift certificates,\u00a0<span style=\"font-size: 15px; font-style: normal; font-weight: 400; letter-spacing: 0px;\">Kh\u00e1ch s\u1ea1n The Mira Central Park<\/span><span style=\"font-size: 15px; letter-spacing: 0px;\">\u00a0Department Store gift certificates, tourist vouchers, reward points, and\/or other accommodation vouchers issued by The Mira Central Park Hotel. Personal checks shall not be accepted.<\/span><\/span><\/p><p><span style=\"font-family: arial, helvetica, sans-serif;\">4. Guests may check the calculated amount of charges for use one day before the planned date of check-out, in order to prevent in advance any confusion regarding the payment of charges for use.<\/span><\/p><p><span style=\"font-family: arial, helvetica, sans-serif;\">5. Guest must pay the charges for use after completing registration of accommodation in accordance, even when the Guest has not stayed at the Hotel due to the Guest\u2019s circumstances.<\/span><\/p><\/div>\n\t\t\t\t<\/div>\n\t\t\t\t\t<\/div>\n\t\t\t\t<\/div>\n\t\t\t\t<\/div>\n\t\t\t\t\t\t<\/div>\n\t\t\t\t\t<\/div>\n\t\t<\/div>\n\t\t\t\t\t\t\t\t<\/div>\n\t\t\t\t\t<\/div>\n\t\t<\/section>\n\t\t\t\t\t\t<\/div>\n\t\t\t\t\t\t<\/div>\n\t\t\t\t\t<\/div>","protected":false},"excerpt":{"rendered":"<p>Reservation Hotel Policy The room price is applied for 2 adults and 1 children under 6 years old. Children aged 6 years old&nbsp; or over will be charged as an extra person. Extra person is charged 700,000VND\/night\/room; Extra bed is [&hellip;]<\/p>","protected":false},"author":7,"featured_media":0,"parent":0,"menu_order":0,"comment_status":"closed","ping_status":"closed","template":"page-r.php","meta":[],"_links":{"self":[{"href":"https:\/\/themiracentralpark.com.vn\/vi\/wp-json\/wp\/v2\/pages\/770"}],"collection":[{"href":"https:\/\/themiracentralpark.com.vn\/vi\/wp-json\/wp\/v2\/pages"}],"about":[{"href":"https:\/\/themiracentralpark.com.vn\/vi\/wp-json\/wp\/v2\/types\/page"}],"author":[{"embeddable":true,"href":"https:\/\/themiracentralpark.com.vn\/vi\/wp-json\/wp\/v2\/users\/7"}],"replies":[{"embeddable":true,"href":"https:\/\/themiracentralpark.com.vn\/vi\/wp-json\/wp\/v2\/comments?post=770"}],"version-history":[{"count":11,"href":"https:\/\/themiracentralpark.com.vn\/vi\/wp-json\/wp\/v2\/pages\/770\/revisions"}],"predecessor-version":[{"id":8598,"href":"https:\/\/themiracentralpark.com.vn\/vi\/wp-json\/wp\/v2\/pages\/770\/revisions\/8598"}],"wp:attachment":[{"href":"https:\/\/themiracentralpark.com.vn\/vi\/wp-json\/wp\/v2\/media?parent=770"}],"curies":[{"name":"wp","href":"https:\/\/api.w.org\/{rel}","templated":true}]}}